{"id":899,"date":"2026-03-28T18:58:42","date_gmt":"2026-03-28T17:58:42","guid":{"rendered":"https:\/\/www.lu-tennis.de\/sponsorenbereich\/"},"modified":"2026-04-23T14:28:27","modified_gmt":"2026-04-23T12:28:27","slug":"sponsor-area","status":"publish","type":"page","link":"https:\/\/www.lu-tennis.de\/en\/sponsorenbereich\/","title":{"rendered":"Sponsor area"},"content":{"rendered":"\n<section class=\"wp-block-group alignfull basf-sponsor-area-section has-global-padding is-layout-constrained wp-block-group-is-layout-constrained\" style=\"padding-top:var(--wp--preset--spacing--header-section);padding-bottom:var(--wp--preset--spacing--section)\">\n\n\n<div style=\"padding-top:var(--wp--preset--spacing--section);padding-bottom:var(--wp--preset--spacing--section);\" class=\"basf-sponsor-hero alignwide wp-block-basf-tennisclub-sponsor-hero\">\n    <div class=\"basf-sponsor-hero__layout\">\n        <div class=\"basf-sponsor-hero__text\">\n                            <h2 class=\"basf-sponsor-hero__heading has-display-large-font-size\">Werden Sie Sponsor<\/h2>\n                                        <p class=\"basf-sponsor-hero__intro\">Werden Sie Teil unseres starken Partnernetzwerks und unterst\u00fctzen Sie den BASF Tennisclub e.V. als Sponsor. Profitieren Sie von hoher Sichtbarkeit auf unserer Anlage, bei Vereinsevents und in unseren digitalen Kan\u00e4len. Gemeinsam f\u00f6rdern wir Tennis- und Padelsport in Ludwigshafen \u2013 mit Fokus auf Gemeinschaft, Leistung und Inklusion.<\/p>\n                    <\/div>\n\n        <div class=\"basf-sponsor-hero__cards\">\n                            <div class=\"basf-sponsor-hero__card basf-sponsor-hero__card--1\">\n                    <div class=\"basf-sponsor-hero__card-logo-wrap\">\n                                                    <img decoding=\"async\" class=\"basf-sponsor-hero__card-logo\"\n                                 src=\"https:\/\/www.lu-tennis.de\/wp-content\/uploads\/2026\/04\/werbesofa-2.png\"\n                                 alt=\"Werbesofa\"\n                                 loading=\"lazy\">\n                                            <\/div>\n                    <div class=\"basf-sponsor-hero__card-body\">\n                        <h3 class=\"basf-sponsor-hero__card-name\">Werbesofa<\/h3>\n                                                    <p class=\"basf-sponsor-hero__card-text\">Wir sind eine kreative WordPress-Agentur, spezialisiert auf individuell programmierte und einzigartige Webseiten, die Unternehmen zu mehr Umsatz, st\u00e4rkerer Sichtbarkeit und professioneller \u00d6ffentlichkeitsarbeit im Internet verhelfen. Statt Standardl\u00f6sungen entwickeln wir ma\u00dfgeschneiderte digitale Auftritte mit modernster Technik, klarem Design und strategischem Fokus auf Reichweite, Vertrauen und qualifizierte Anfragen. Jede Website wird gezielt darauf ausgerichtet, Ihr Unternehmen online erfolg<\/p>\n                                            <\/div>\n                <\/div>\n                            <div class=\"basf-sponsor-hero__card basf-sponsor-hero__card--2\">\n                    <div class=\"basf-sponsor-hero__card-logo-wrap\">\n                                                    <img decoding=\"async\" class=\"basf-sponsor-hero__card-logo\"\n                                 src=\"https:\/\/www.lu-tennis.de\/wp-content\/uploads\/2026\/04\/padel__00__gaa-garten-und-landschaftsbau.png\"\n                                 alt=\"GAA Garten- und Landschaftsbau\"\n                                 loading=\"lazy\">\n                                            <\/div>\n                    <div class=\"basf-sponsor-hero__card-body\">\n                        <h3 class=\"basf-sponsor-hero__card-name\">GAA Garten- und Landschaftsbau<\/h3>\n                                                    <p class=\"basf-sponsor-hero__card-text\">Ob Gartenneu- oder -umgestaltung, mit uns setzen Sie jedes Gartenkonzept in den passenden Rahmen um. Uns liegt es besonders am Herzen, den engen Kundenkontakt zu pflegen und Sie auch nach der Verwirklichung Ihres Traumes weiterhin zu unterst\u00fctzen, wenn Sie das w\u00fcnschen.<\/p>\n                                            <\/div>\n                <\/div>\n                            <div class=\"basf-sponsor-hero__card basf-sponsor-hero__card--3\">\n                    <div class=\"basf-sponsor-hero__card-logo-wrap\">\n                                                    <img decoding=\"async\" class=\"basf-sponsor-hero__card-logo\"\n                                 src=\"https:\/\/www.lu-tennis.de\/wp-content\/uploads\/2026\/04\/swisslife.png\"\n                                 alt=\"Swiss Life Select\"\n                                 loading=\"lazy\">\n                                            <\/div>\n                    <div class=\"basf-sponsor-hero__card-body\">\n                        <h3 class=\"basf-sponsor-hero__card-name\">Swiss Life Select<\/h3>\n                                                    <p class=\"basf-sponsor-hero__card-text\">Heiko Metzger steht f\u00fcr pers\u00f6nliche, vorausschauende und ganzheitliche Finanzberatung mit Fokus auf Verm\u00f6gensaufbau, Vorsorge und nachhaltige Finanzentscheidungen. Mit langj\u00e4hriger Erfahrung, klarer Strategie und individueller Beratung begleitet er Privatpersonen sowie Unternehmer dabei, finanzielle Ziele strukturiert zu erreichen und Chancen optimal zu nutzen.  \ufffc<\/p>\n                                            <\/div>\n                <\/div>\n                    <\/div>\n    <\/div>\n<\/div>\n\n\n\n<div class=\"basf-sponsor-auth-container alignwide wp-block-basf-tennisclub-sponsor-auth\">\n    \n<div class=\"wp-block-basf-tennisclub-sponsor-auth alignwide has-global-padding is-layout-constrained wp-block-basf-tennisclub-sponsor-auth-is-layout-constrained\">\n<div class=\"wp-block-columns alignwide is-layout-flex wp-container-core-columns-is-layout-378748aa wp-block-columns-is-layout-flex\">\n<div class=\"wp-block-column is-layout-flow wp-block-column-is-layout-flow\">\n<h2 class=\"wp-block-heading\">Anmelden<\/h2>\n\n\n\n<div class=\"basf-sponsor-login wp-block-basf-tennisclub-sponsor-login\">\n\n    \n    \n    <form name=\"loginform\" id=\"loginform\" action=\"https:\/\/www.lu-tennis.de\/wp-login.php\" method=\"post\"><p class=\"login-username\">\n\t\t\t\t<label for=\"user_login\">E-Mail-Adresse<\/label>\n\t\t\t\t<input type=\"text\" name=\"log\" id=\"user_login\" autocomplete=\"username\" class=\"input\" value=\"\" size=\"20\" \/>\n\t\t\t<\/p><p class=\"login-password\">\n\t\t\t\t<label for=\"user_pass\">Passwort<\/label>\n\t\t\t\t<input type=\"password\" name=\"pwd\" id=\"user_pass\" autocomplete=\"current-password\" spellcheck=\"false\" class=\"input\" value=\"\" size=\"20\" \/>\n\t\t\t<\/p><p class=\"login-remember\"><label><input name=\"rememberme\" type=\"checkbox\" id=\"rememberme\" value=\"forever\" \/> Angemeldet bleiben<\/label><\/p><p class=\"login-submit\">\n\t\t\t\t<input type=\"submit\" name=\"wp-submit\" id=\"wp-submit\" class=\"button button-primary\" value=\"Anmelden\" \/>\n\t\t\t\t<input type=\"hidden\" name=\"redirect_to\" value=\"https:\/\/www.lu-tennis.de\/en\/sponsorenbereich\/\" \/>\n\t\t\t<\/p><\/form>\n    <p class=\"basf-sponsor-login__lost-pw\">\n        <a href=\"https:\/\/www.lu-tennis.de\/en\/sponsorenbereich\/?action=lostpassword\">\n            Passwort vergessen?        <\/a>\n    <\/p>\n\n<\/div>\n<\/div>\n\n\n\n<div class=\"wp-block-column is-layout-flow wp-block-column-is-layout-flow\">\n<h2 class=\"wp-block-heading\">Registrieren<\/h2>\n\n\n\n<div class=\"wp-block-basf-tennisclub-sponsor-registration\">\n    <div class='fluentform ff-default fluentform_wrapper_8 ffs_default_wrap'><form data-form_id=\"8\" id=\"fluentform_8\" class=\"frm-fluent-form fluent_form_8 ff-el-form-top ff_form_instance_8_1 ff-form-loading ffs_default\" data-form_instance=\"ff_form_instance_8_1\" method=\"POST\" ><fieldset  style=\"border: none!important;margin: 0!important;padding: 0!important;background-color: transparent!important;box-shadow: none!important;outline: none!important; min-inline-size: 100%;\">\n                    <legend class=\"ff_screen_reader_title\" style=\"display: block; margin: 0!important;padding: 0!important;height: 0!important;text-indent: -999999px;width: 0!important;overflow:hidden;\">Sponsor Registrierung<\/legend>        <div\n                style=\"display: none!important; position: absolute!important; transform: translateX(1000%)!important;\"\n                class=\"ff-el-group ff-hpsf-container\"\n        >\n            <div class=\"ff-el-input--label asterisk-right\">\n                <label for=\"ff_8_item_sf\" aria-label=\"Contact\">\n                    Contact                <\/label>\n            <\/div>\n            <div class=\"ff-el-input--content\">\n                <input type=\"text\"\n                       name=\"item_8__fluent_sf\"\n                       class=\"ff-el-form-control\"\n                       id=\"ff_8_item_sf\"\n                \/>\n            <\/div>\n        <\/div>\n        <input type='hidden' name='__fluent_form_embded_post_id' value='899' \/><input type=\"hidden\" id=\"_fluentform_8_fluentformnonce\" name=\"_fluentform_8_fluentformnonce\" value=\"df877d33bd\" \/><input type=\"hidden\" name=\"_wp_http_referer\" value=\"\/en\/wp-json\/wp\/v2\/pages\/899\" \/><div data-type=\"name-element\" data-name=\"names\" class=\" ff-field_container ff-name-field-wrapper\" ><div class='ff-t-container'><div class='ff-t-cell '><div class='ff-el-group'><div class=\"ff-el-input--label ff-el-is-required asterisk-right\"><label for='ff_8_names_first_name_' id='label_ff_8_names_first_name_' >Vorname<\/label><\/div><div class='ff-el-input--content'><input type=\"text\" name=\"names[first_name]\" id=\"ff_8_names_first_name_\" class=\"ff-el-form-control\" aria-invalid=\"false\" aria-required=true><\/div><\/div><\/div><div class='ff-t-cell '><div class='ff-el-group'><div class=\"ff-el-input--label ff-el-is-required asterisk-right\"><label for='ff_8_names_last_name_' id='label_ff_8_names_last_name_' >Nachname<\/label><\/div><div class='ff-el-input--content'><input type=\"text\" name=\"names[last_name]\" id=\"ff_8_names_last_name_\" class=\"ff-el-form-control\" aria-invalid=\"false\" aria-required=true><\/div><\/div><\/div><\/div><\/div><div class='ff-el-group'><div class=\"ff-el-input--label ff-el-is-required asterisk-right\"><label for='ff_8_firma' id='label_ff_8_firma' aria-label=\"Firma\">Firma<\/label><\/div><div class='ff-el-input--content'><input type=\"text\" name=\"firma\" id=\"ff_8_firma\" class=\"ff-el-form-control\" data-name=\"firma\"  aria-invalid=\"false\" aria-required=true><\/div><\/div><div class='ff-el-group'><div class=\"ff-el-input--label ff-el-is-required asterisk-right\"><label for='ff_8_email' id='label_ff_8_email' aria-label=\"E-Mail Adresse\">E-Mail Adresse<\/label><\/div><div class='ff-el-input--content'><input type=\"email\" name=\"email\" id=\"ff_8_email\" class=\"ff-el-form-control\" data-name=\"email\"  aria-invalid=\"false\" aria-required=true><\/div><\/div><div class='ff-el-group'><div class=\"ff-el-input--label ff-el-is-required asterisk-right\"><label for='ff_8_phone' id='label_ff_8_phone' aria-label=\"Telefonnummer\">Telefonnummer<\/label><\/div><div class='ff-el-input--content'><input name=\"phone\" id=\"ff_8_phone\" class=\"ff-el-form-control ff-el-phone ff_el_with_extended_validation\" type=\"tel\" data-name=\"phone\" inputmode=\"tel\"  aria-invalid='false' aria-required=true><\/div><\/div><div class='ff-el-group'><div class=\"ff-el-input--label ff-el-is-required asterisk-right\"><label for='ff_8_website-url' id='label_ff_8_website-url' aria-label=\"Website-URL\">Website-URL<\/label><\/div><div class='ff-el-input--content'><input type=\"url\" name=\"website-url\" id=\"ff_8_website-url\" class=\"ff-el-form-control\" placeholder=\"https:\/\/\" data-name=\"website-url\"  aria-invalid=\"false\" aria-required=true><\/div><\/div><div class='ff-el-group  ff-dropzone'><div class=\"ff-el-input--label ff-el-is-required asterisk-right\"><label for='ff_8_image-upload_1' id='label_ff_8_image-upload_1' aria-label=\"Logo hochladen\">Logo hochladen<\/label><\/div><div class='ff-el-input--content'><label for='ff_8_image-upload_1' class='ff_file_upload_holder'><span class='ff_upload_btn ff-btn' tabindex='0'>Datei ausw\u00e4hlen<\/span> <input type=\"file\" name=\"image-upload\" id=\"ff_8_image-upload_1\" class=\"ff-el-form-control  ff-screen-reader-element\" accept=\"image\/*\" data-name=\"image-upload\" multiple=\"1\"  aria-invalid='false' aria-required=true><\/label><\/div><\/div><div class='ff-el-group ff-el-form-hide_label'><div class=\"ff-el-input--label asterisk-right\"><label   aria-label=\"Newsletter\">Newsletter<\/label><\/div><div class='ff-el-input--content'><div class='ff-el-form-check ff-el-form-check-'><label class='ff-el-form-check-label' for='newsletter_optin_91e9a2bd477c0be9dd8287423e9fea80'><input  type=\"checkbox\" name=\"newsletter_optin[]\" data-name=\"newsletter_optin\" class=\"ff-el-form-check-input ff-el-form-check-checkbox\" value=\"yes\"  id='newsletter_optin_91e9a2bd477c0be9dd8287423e9fea80' aria-label='Ja, ich m\u00f6chte den Vereins-Newsletter abonnieren (jederzeit abbestellbar).' aria-invalid='false' aria-required=false> <span>Ja, ich m\u00f6chte den Vereins-Newsletter abonnieren (jederzeit abbestellbar).<\/span><\/label><\/div><\/div><\/div><div class='ff-el-group  has-body-small-font-size  ff-el-input--content'><div class='ff-el-form-check ff-el-tc'><label aria-label='Terms and Conditions: Ich stimme der Datenschutzerkl\u00e4rung zu und erkl\u00e4re mich mit der Verarbeitung meiner Daten einverstanden. Contains 1 link. Use tab navigation to review.' class='ff-el-form-check-label ff_tc_label' for=gdpr-agreement_e99ffd853ca284c76d5ff782370008fa><span class='ff_tc_checkbox'><input type=\"checkbox\" name=\"gdpr-agreement\" class=\"ff-el-form-check-input ff-el-form-check-input ff_gdpr_field\" data-name=\"gdpr-agreement\" id=\"gdpr-agreement_e99ffd853ca284c76d5ff782370008fa\"  value='on' aria-invalid='false' aria-required=true><\/span> <div class='ff_t_c'>Ich stimme der <a href=\"\/datenschutz\/\" target=\"_blank\">Datenschutzerkl\u00e4rung<\/a> zu und erkl\u00e4re mich mit der Verarbeitung meiner Daten einverstanden.<\/div><\/label><\/div><\/div><div class='ff-el-group ff-text-left ff_submit_btn_wrapper'><button type=\"submit\" class=\"ff-btn ff-btn-submit ff-btn-md ff_btn_style\"  aria-label=\"Registrieren\">Registrieren<\/button><\/div><\/fieldset><\/form><div id='fluentform_8_errors' class='ff-errors-in-stack ff_form_instance_8_1 ff-form-loading_errors ff_form_instance_8_1_errors'><\/div><\/div>            <script type=\"text\/javascript\">\n                window.fluent_form_ff_form_instance_8_1 = {\"id\":\"8\",\"ajaxUrl\":\"https:\\\/\\\/www.lu-tennis.de\\\/wp-admin\\\/admin-ajax.php\",\"settings\":{\"layout\":{\"labelPlacement\":\"top\",\"helpMessagePlacement\":\"with_label\",\"errorMessagePlacement\":\"inline\",\"cssClassName\":\"\",\"asteriskPlacement\":\"asterisk-right\"},\"restrictions\":{\"denyEmptySubmission\":{\"enabled\":false}}},\"form_instance\":\"ff_form_instance_8_1\",\"form_id_selector\":\"fluentform_8\",\"rules\":{\"names[first_name]\":{\"required\":{\"value\":true,\"message\":\"Dieses Feld ist erforderlich\",\"global\":true,\"global_message\":\"Dieses Feld ist erforderlich\"}},\"names[middle_name]\":{\"required\":{\"value\":false,\"message\":\"Dieses Feld ist ein Pflichtfeld\",\"global\":false,\"global_message\":\"Dieses Feld ist erforderlich\"}},\"names[last_name]\":{\"required\":{\"value\":true,\"message\":\"Dieses Feld ist erforderlich\",\"global\":true,\"global_message\":\"Dieses Feld ist erforderlich\"}},\"firma\":{\"required\":{\"value\":true,\"message\":\"Dieses Feld ist erforderlich\",\"global\":true,\"global_message\":\"Dieses Feld ist erforderlich\"}},\"email\":{\"required\":{\"value\":true,\"message\":\"Dieses Feld ist erforderlich\",\"global\":true,\"global_message\":\"Dieses Feld ist erforderlich\"},\"email\":{\"value\":true,\"message\":\"Dieses Feld muss eine g\\u00fcltige E-Mail-Adresse enthalten\",\"global\":true,\"global_message\":\"Dieses Feld muss eine g\\u00fcltige E-Mail-Adresse enthalten\"}},\"phone\":{\"required\":{\"value\":true,\"message\":\"Dieses Feld ist erforderlich\",\"global\":true,\"global_message\":\"Dieses Feld ist erforderlich\"},\"valid_phone_number\":{\"value\":true,\"global\":false,\"global_message\":\"Telefonnummer ist ung\\u00fcltig\"}},\"website-url\":{\"required\":{\"value\":true,\"message\":\"Dieses Feld ist erforderlich\",\"global\":true,\"global_message\":\"Dieses Feld ist erforderlich\"},\"url\":{\"value\":true,\"message\":\"Dieses Feld muss eine g\\u00fcltige URL enthalten\",\"global\":true,\"global_message\":\"Dieses Feld muss eine g\\u00fcltige URL enthalten\"}},\"image-upload\":{\"required\":{\"value\":true,\"message\":\"Dieses Feld ist erforderlich\",\"global_message\":\"Dieses Feld ist erforderlich\",\"global\":true},\"max_file_size\":{\"value\":41943040,\"_valueFrom\":\"MB\",\"message\":\"Validierung schl\\u00e4gt bei maximaler Dateigr\\u00f6\\u00dfe fehl\",\"global_message\":\"Validierung schl\\u00e4gt bei maximaler Dateigr\\u00f6\\u00dfe fehl\",\"global\":true},\"max_file_count\":{\"value\":\"3\",\"message\":\"Validierung schl\\u00e4gt bei maximaler Dateianzahl fehl\",\"global_message\":\"Validierung schl\\u00e4gt bei maximaler Dateianzahl fehl\",\"global\":true},\"allowed_image_types\":{\"value\":[\"jpg|jpeg\",\"png\",\"gif\"],\"message\":\"Erlaubte Bildtypen stimmen nicht \\u00fcberein\",\"global_message\":\"Erlaubte Bildtypen stimmen nicht \\u00fcberein\",\"global\":true}},\"newsletter_optin\":{\"required\":{\"value\":false,\"message\":\"Dieses Feld ist erforderlich\",\"global_message\":\"Dieses Feld ist erforderlich\",\"global\":true}},\"gdpr-agreement\":{\"required\":{\"value\":1,\"message\":\"Dieses Feld ist erforderlich\",\"global_message\":\"Dieses Feld ist erforderlich\",\"global\":true}}},\"debounce_time\":300};\n                            <\/script>\n            <\/div>\n<\/div>\n<\/div>\n<\/div>\n<\/div>\n<\/section>\n","protected":false},"excerpt":{"rendered":"","protected":false},"author":1,"featured_media":0,"parent":0,"menu_order":0,"comment_status":"closed","ping_status":"closed","template":"","meta":{"_seopress_robots_primary_cat":"","_seopress_titles_title":"","_seopress_titles_desc":"","_seopress_robots_index":"","werbesofa_core_post_meta_password_title":"","werbesofa_core_post_meta_password_text":"","footnotes":""},"class_list":["post-899","page","type-page","status-publish","hentry"],"_links":{"self":[{"href":"https:\/\/www.lu-tennis.de\/en\/wp-json\/wp\/v2\/pages\/899","targetHints":{"allow":["GET"]}}],"collection":[{"href":"https:\/\/www.lu-tennis.de\/en\/wp-json\/wp\/v2\/pages"}],"about":[{"href":"https:\/\/www.lu-tennis.de\/en\/wp-json\/wp\/v2\/types\/page"}],"author":[{"embeddable":true,"href":"https:\/\/www.lu-tennis.de\/en\/wp-json\/wp\/v2\/users\/1"}],"replies":[{"embeddable":true,"href":"https:\/\/www.lu-tennis.de\/en\/wp-json\/wp\/v2\/comments?post=899"}],"version-history":[{"count":23,"href":"https:\/\/www.lu-tennis.de\/en\/wp-json\/wp\/v2\/pages\/899\/revisions"}],"predecessor-version":[{"id":2545,"href":"https:\/\/www.lu-tennis.de\/en\/wp-json\/wp\/v2\/pages\/899\/revisions\/2545"}],"wp:attachment":[{"href":"https:\/\/www.lu-tennis.de\/en\/wp-json\/wp\/v2\/media?parent=899"}],"curies":[{"name":"wp","href":"https:\/\/api.w.org\/{rel}","templated":true}]}}