{"id":89,"date":"2026-03-16T19:23:42","date_gmt":"2026-03-16T18:23:42","guid":{"rendered":"https:\/\/www.lu-tennis.de\/?page_id=89"},"modified":"2026-04-23T02:13:25","modified_gmt":"2026-04-23T00:13:25","slug":"inclusion","status":"publish","type":"page","link":"https:\/\/www.lu-tennis.de\/en\/inklusion\/","title":{"rendered":"Inclusion"},"content":{"rendered":"\n<section class=\"wp-block-cover alignfull basf-club-hero\"><img decoding=\"async\" class=\"wp-block-cover__image-background wp-image-752 size-full\" alt=\"Sechs Tennisspieler mit Schl\u00e4gern auf Sandplatz\" src=\"https:\/\/www.lu-tennis.de\/wp-content\/uploads\/2026\/03\/20250724_111359.jpg\" data-object-fit=\"cover\"\/><span aria-hidden=\"true\" class=\"wp-block-cover__background has-neutral-background-color has-background-dim\"><\/span><div class=\"wp-block-cover__inner-container has-global-padding is-layout-constrained wp-block-cover-is-layout-constrained\">\n<div class=\"wp-block-group alignwide is-vertical is-content-justification-stretch is-layout-flex wp-container-core-group-is-layout-2ae186c3 wp-block-group-is-layout-flex\" style=\"min-height:100vh;padding-top:var(--wp--preset--spacing--header-section);padding-bottom:var(--wp--preset--spacing--section)\">\n<div class=\"wp-block-group alignwide has-global-padding is-content-justification-left is-layout-constrained wp-container-core-group-is-layout-b860b690 wp-block-group-is-layout-constrained\">\n<h2 class=\"wp-block-heading\">Sport mit Einschr\u00e4nkungen<\/h2>\n<\/div>\n\n\n\n<div class=\"wp-block-group alignwide has-global-padding is-content-justification-left is-layout-constrained wp-container-core-group-is-layout-b860b690 wp-block-group-is-layout-constrained\">\n<p class=\"is-style-section\">Der BASF Tennisclub e.V. setzt sich aktiv f\u00fcr Inklusion im Sport ein. In Kooperation mit Special Olympics und der BASF SE organisieren wir regelm\u00e4\u00dfig inklusive Sportevents. Rund 50 Teilnehmer mit und ohne Behinderung erleben gemeinsam Tennis, Padel, Boule und Handball auf unserer Anlage \u2013 angeleitet von erfahrenen Trainern.<\/p>\n<\/div>\n<\/div>\n<\/div><\/section>\n\n\n\n<section class=\"wp-block-group alignfull basf-inclusion-info has-global-padding is-layout-constrained wp-container-core-group-is-layout-0399f581 wp-block-group-is-layout-constrained\" style=\"padding-top:var(--wp--preset--spacing--section);padding-bottom:var(--wp--preset--spacing--section)\">\n<div class=\"wp-block-group alignwide basf-inclusion-info__row is-layout-flow wp-block-group-is-layout-flow\">\n<div class=\"wp-block-group basf-inclusion-info__heading has-global-padding is-layout-constrained wp-block-group-is-layout-constrained\">\n<h2 class=\"wp-block-heading\">Was bedeutet eine inklusive Mitgliedschaft?<\/h2>\n<\/div>\n\n\n\n<div class=\"wp-block-group basf-inclusion-info__body has-global-padding is-layout-constrained wp-block-group-is-layout-constrained\">\n<p>Eine inklusive Mitgliedschaft bedeutet, dass Menschen mit und ohne Beeintr\u00e4chtigungen gleicherma\u00dfen willkommen sind. Wir bieten barrierefreie Zug\u00e4nge zu unseren Pl\u00e4tzen und Clubh\u00e4usern, spezielle Trainingsangebote sowie individuelle Unterst\u00fctzung je nach Bedarf.<\/p>\n\n\n\n<p>Vom ersten Schl\u00e4ger-Schwung bis zum Turnier-Einsatz: unser Team begleitet jedes Mitglied auf seinem Weg \u2014 mit Erfahrung, Empathie und echter Leidenschaft f\u00fcr den Sport.<\/p>\n<\/div>\n<\/div>\n\n\n\n<div class=\"wp-block-group alignwide basf-inclusion-info__angebote has-global-padding is-layout-constrained wp-block-group-is-layout-constrained\">\n<h3 class=\"wp-block-heading has-text-align-center basf-inclusion-info__angebote-heading\">Unsere Angebote<\/h3>\n\n\n\n<p class=\"has-text-align-center basf-inclusion-info__angebote-intro\">Vier Bausteine, die aus \u201eTennisclub&#8220; einen Ort f\u00fcr alle machen.<\/p>\n\n\n\n<div class=\"wp-block-group basf-inclusion-info__grid is-layout-flow wp-block-group-is-layout-flow\">\n<div class=\"wp-block-group basf-inclusion-info__card has-global-padding is-layout-constrained wp-block-group-is-layout-constrained\">\n<p>Barrierefreie Sportanlagen und Clubhaus<\/p>\n<\/div>\n\n\n\n<div class=\"wp-block-group basf-inclusion-info__card has-global-padding is-layout-constrained wp-block-group-is-layout-constrained\">\n<p>Spezielle Trainingsgruppen f\u00fcr Menschen mit Beeintr\u00e4chtigungen (Tennis und Padel)<\/p>\n<\/div>\n\n\n\n<div class=\"wp-block-group basf-inclusion-info__card has-global-padding is-layout-constrained wp-block-group-is-layout-constrained\">\n<p>Inklusive Turniere und Veranstaltungen gemeinsam mit Special Olympics<\/p>\n<\/div>\n\n\n\n<div class=\"wp-block-group basf-inclusion-info__card has-global-padding is-layout-constrained wp-block-group-is-layout-constrained\">\n<p>Individuelle Betreuung durch geschulte Trainer*innen<\/p>\n<\/div>\n<\/div>\n<\/div>\n\n\n\n<div class=\"wp-block-group alignwide basf-inclusion-info__row is-reversed is-layout-flow wp-block-group-is-layout-flow\">\n<div class=\"wp-block-group basf-inclusion-info__heading has-global-padding is-layout-constrained wp-block-group-is-layout-constrained\">\n<h2 class=\"wp-block-heading\">Warum Inklusion im Sport wichtig ist<\/h2>\n<\/div>\n\n\n\n<div class=\"wp-block-group basf-inclusion-info__body has-global-padding is-layout-constrained wp-block-group-is-layout-constrained\">\n<p>Sport verbindet Menschen und f\u00f6rdert den sozialen Austausch. Durch eine inklusive Mitgliedschaft schaffen wir eine Umgebung, in der jeder sein Talent entfalten kann und sich als wertvoller Teil des Clubs f\u00fchlt.<\/p>\n\n\n\n<p>Die Teilhabe am gesellschaftlichen Leben ist ein Grundrecht. Dies gilt es zu wahren, zu unterst\u00fctzen, auszubauen und zu leben \u2014 Tag f\u00fcr Tag, auf unseren Pl\u00e4tzen und weit dar\u00fcber hinaus.<\/p>\n<\/div>\n<\/div>\n<\/section>\n\n\n\n<section class=\"wp-block-group alignfull basf-inclusion-spokesperson has-global-padding is-layout-constrained wp-block-group-is-layout-constrained\" style=\"padding-top:var(--wp--preset--spacing--section);padding-bottom:var(--wp--preset--spacing--section)\">\n<div class=\"wp-block-columns alignwide is-layout-flex wp-container-core-columns-is-layout-acc9b5e9 wp-block-columns-is-layout-flex\">\n<div class=\"wp-block-column is-vertically-aligned-stretch is-layout-flow wp-block-column-is-layout-flow\">\n<div class=\"wp-block-group is-vertical is-layout-flex wp-container-core-group-is-layout-ba1a2228 wp-block-group-is-layout-flex\" style=\"min-height:100%\">\n<div class=\"wp-block-group has-global-padding is-layout-constrained wp-block-group-is-layout-constrained\">\n<h2 class=\"wp-block-heading\">Ihr Ansprechpartner<\/h2>\n\n\n\n<p>Claus Majolk ist als Vorstand Inklusion und Special Olympics Tenniskoordinator Ihr Ansprechpartner f\u00fcr alle Fragen rund um inklusiven Sport im BASF Tennisclub e.V.. Er organisiert die regelm\u00e4\u00dfigen Events und koordiniert die Zusammenarbeit mit Partnern.<\/p>\n\n\n\n<p><strong>\u00dcber mich:<\/strong> Seit \u00fcber 30 Jahren Tennistrainer, seit 2012 Tennistraining mit Menschen mit Behinderung. Referent f\u00fcr Inklusion beim Tennislandesverband Rheinland-Pfalz und Vorstandsmitglied von Special Olympics Rheinland-Pfalz.<\/p>\n\n\n\n<p><strong>Meine Aufgaben:<\/strong><\/p>\n\n\n\n<ul class=\"wp-block-list\">\n<li>Allen Menschen, ob mit oder ohne Behinderung, den Zugang zum Tennissport zu erm\u00f6glichen<\/li>\n\n\n\n<li>Umsetzung von Veranstaltungen f\u00fcr alle, ob mit oder ohne Behinderung<\/li>\n\n\n\n<li>Helfen bei der \u00dcberwindung von Barrieren f\u00fcr Menschen mit Behinderung<\/li>\n\n\n\n<li>Abbau von Barrieren in den K\u00f6pfen bei Menschen im Verein und in der Gesellschaft<\/li>\n\n\n\n<li>Kooperation mit Partnern, Vereinen und Verb\u00e4nden<\/li>\n<\/ul>\n\n\n\n<p><strong>Warum Inklusion wichtig ist:<\/strong> Die Teilhabe am gesellschaftlichen Leben ist ein Grundrecht. Dies gilt es zu wahren, zu unterst\u00fctzen, auszubauen und zu leben.<\/p>\n<\/div>\n\n\n\n<div class=\"wp-block-group has-global-padding is-layout-constrained wp-container-core-group-is-layout-d8832133 wp-block-group-is-layout-constrained\">\n<div class=\"wp-block-group has-global-padding is-layout-constrained wp-container-core-group-is-layout-88d2cf16 wp-block-group-is-layout-constrained\" style=\"border-left-color:var(--wp--preset--color--accent);border-left-width:4px;padding-left:24px\">\n<p class=\"has-primary-font-family has-heading-3-font-size\">Telefon<\/p>\n\n\n\n<p class=\"has-primary-font-family has-heading-6-font-size\"><a href=\"tel:4915142549708\">+49 151 &#8211; 425 497 08<\/a><\/p>\n<\/div>\n\n\n\n<div class=\"wp-block-group has-global-padding is-layout-constrained wp-container-core-group-is-layout-88d2cf16 wp-block-group-is-layout-constrained\" style=\"border-left-color:var(--wp--preset--color--accent);border-left-width:4px;padding-left:24px\">\n<p class=\"has-primary-font-family has-heading-3-font-size\">E-Mail<\/p>\n\n\n\n<p class=\"has-primary-font-family has-heading-6-font-size\"><a href=\"mailto:claus.majolk@rlp.specialolympics.de\">claus.majolk@rlp.specialolympics.de<\/a><\/p>\n<\/div>\n<\/div>\n<\/div>\n<\/div>\n\n\n\n<div class=\"wp-block-column is-vertically-aligned-bottom is-layout-flow wp-block-column-is-layout-flow\">\n<div class=\"wp-block-group has-global-padding is-content-justification-right is-layout-constrained wp-container-core-group-is-layout-f1f2ed93 wp-block-group-is-layout-constrained\">\n<figure class=\"wp-block-image size-full\"><img loading=\"lazy\" decoding=\"async\" width=\"1707\" height=\"2560\" src=\"https:\/\/www.lu-tennis.de\/wp-content\/uploads\/2026\/04\/20250327-DSC03576.jpg\" alt=\"Mann im blauen BASF-Poloshirt im Park\" class=\"wp-image-2458\" style=\"aspect-ratio:1;object-fit:cover\" srcset=\"https:\/\/www.lu-tennis.de\/wp-content\/uploads\/2026\/04\/20250327-DSC03576.jpg 1707w, https:\/\/www.lu-tennis.de\/wp-content\/uploads\/2026\/04\/20250327-DSC03576-200x300.jpg 200w, https:\/\/www.lu-tennis.de\/wp-content\/uploads\/2026\/04\/20250327-DSC03576-683x1024.jpg 683w, https:\/\/www.lu-tennis.de\/wp-content\/uploads\/2026\/04\/20250327-DSC03576-768x1152.jpg 768w, https:\/\/www.lu-tennis.de\/wp-content\/uploads\/2026\/04\/20250327-DSC03576-1024x1536.jpg 1024w, https:\/\/www.lu-tennis.de\/wp-content\/uploads\/2026\/04\/20250327-DSC03576-1366x2048.jpg 1366w, https:\/\/www.lu-tennis.de\/wp-content\/uploads\/2026\/04\/20250327-DSC03576-8x12.jpg 8w, https:\/\/www.lu-tennis.de\/wp-content\/uploads\/2026\/04\/20250327-DSC03576-60x90.jpg 60w, https:\/\/www.lu-tennis.de\/wp-content\/uploads\/2026\/04\/20250327-DSC03576-480x720.jpg 480w, https:\/\/www.lu-tennis.de\/wp-content\/uploads\/2026\/04\/20250327-DSC03576-560x840.jpg 560w\" sizes=\"auto, (max-width: 1707px) 100vw, 1707px\" \/><\/figure>\n<\/div>\n<\/div>\n<\/div>\n<\/section>\n\n\n\n<div class=\"wp-block-group alignfull basf-contact-form has-global-padding is-layout-constrained wp-container-core-group-is-layout-078133e9 wp-block-group-is-layout-constrained\" style=\"padding-top:var(--wp--preset--spacing--section);padding-bottom:var(--wp--preset--spacing--section)\">\n<div class=\"wp-block-group alignwide is-content-justification-space-between is-layout-flex wp-container-core-group-is-layout-09c617e4 wp-block-group-is-layout-flex\">\n<h2 class=\"wp-block-heading\">Nehmen Sie Kontakt<br>zu uns auf<\/h2>\n\n\n\n<p class=\"is-style-section\">Haben Sie Fragen zu Mitgliedschaften, Platzbuchungen oder unseren Angeboten? Wir freuen uns auf Ihre Nachricht! Gesch\u00e4ftsstelle: 0621 12 18 45 22, B\u00fcrozeiten: Mo 11\u201315 Uhr, Do 10\u201313 Uhr.<\/p>\n<\/div>\n\n\n<div class='fluentform ff-inherit-theme-style fluentform_wrapper_1  ff_guten_block ff_guten_block-1'><form data-form_id=\"1\" id=\"fluentform_1\" class=\"frm-fluent-form fluent_form_1 ff-el-form-top ff_form_instance_1_1 ff-form-loading ffs_inherit_theme\" data-form_instance=\"ff_form_instance_1_1\" method=\"POST\" ><fieldset  style=\"border: none!important;margin: 0!important;padding: 0!important;background-color: transparent!important;box-shadow: none!important;outline: none!important; min-inline-size: 100%;\">\n                    <legend class=\"ff_screen_reader_title\" style=\"display: block; margin: 0!important;padding: 0!important;height: 0!important;text-indent: -999999px;width: 0!important;overflow:hidden;\">Kontakt<\/legend>        <div\n                style=\"display: none!important; position: absolute!important; transform: translateX(1000%)!important;\"\n                class=\"ff-el-group ff-hpsf-container\"\n        >\n            <div class=\"ff-el-input--label asterisk-right\">\n                <label for=\"ff_1_item_sf\" aria-label=\"Notify\">\n                    Notify                <\/label>\n            <\/div>\n            <div class=\"ff-el-input--content\">\n                <input type=\"text\"\n                       name=\"item_1__fluent_sf\"\n                       class=\"ff-el-form-control\"\n                       id=\"ff_1_item_sf\"\n                \/>\n            <\/div>\n        <\/div>\n        <input type='hidden' name='__fluent_form_embded_post_id' value='89' \/><input type=\"hidden\" id=\"_fluentform_1_fluentformnonce\" name=\"_fluentform_1_fluentformnonce\" value=\"df877d33bd\" \/><input type=\"hidden\" name=\"_wp_http_referer\" value=\"\/en\/wp-json\/wp\/v2\/pages\/89\" \/><div data-type=\"name-element\" data-name=\"names\" class=\" ff-field_container ff-name-field-wrapper\" ><div class='ff-t-container'><div class='ff-t-cell '><div class='ff-el-group'><div class=\"ff-el-input--label ff-el-is-required asterisk-right\"><label for='ff_1_names_first_name_' id='label_ff_1_names_first_name_' >Vorname<\/label><\/div><div class='ff-el-input--content'><input type=\"text\" name=\"names[first_name]\" id=\"ff_1_names_first_name_\" class=\"ff-el-form-control\" aria-invalid=\"false\" aria-required=true><\/div><\/div><\/div><div class='ff-t-cell '><div class='ff-el-group'><div class=\"ff-el-input--label ff-el-is-required asterisk-right\"><label for='ff_1_names_last_name_' id='label_ff_1_names_last_name_' >Nachname<\/label><\/div><div class='ff-el-input--content'><input type=\"text\" name=\"names[last_name]\" id=\"ff_1_names_last_name_\" class=\"ff-el-form-control\" aria-invalid=\"false\" aria-required=true><\/div><\/div><\/div><\/div><\/div><div data-name=\"ff_cn_id_1\"  class='ff-t-container ff-column-container ff_columns_total_2 '><div class='ff-t-cell ff-t-column-1' style='flex-basis: 50%;'><div class='ff-el-group'><div class=\"ff-el-input--label ff-el-is-required asterisk-right\"><label for='ff_1_email' id='label_ff_1_email' aria-label=\"E-Mail Adresse\">E-Mail Adresse<\/label><\/div><div class='ff-el-input--content'><input type=\"email\" name=\"email\" id=\"ff_1_email\" class=\"ff-el-form-control\" data-name=\"email\"  aria-invalid=\"false\" aria-required=true><\/div><\/div><\/div><div class='ff-t-cell ff-t-column-2' style='flex-basis: 50%;'><div class='ff-el-group'><div class=\"ff-el-input--label ff-el-is-required asterisk-right\"><label for='ff_1_phone' id='label_ff_1_phone' aria-label=\"Telefon\">Telefon<\/label><\/div><div class='ff-el-input--content'><input name=\"phone\" class=\"ff-el-form-control ff-el-phone ff_el_with_extended_validation\" type=\"tel\" data-name=\"phone\" id=\"ff_1_phone\" inputmode=\"tel\"  aria-invalid='false' aria-required=true><\/div><\/div><\/div><\/div><div class='ff-el-group'><div class=\"ff-el-input--label ff-el-is-required asterisk-right\"><label for='ff_1_message' id='label_ff_1_message' aria-label=\"Nachricht\">Nachricht<\/label><\/div><div class='ff-el-input--content'><textarea aria-required=\"true\" aria-labelledby=\"label_ff_1_message\" name=\"message\" id=\"ff_1_message\" class=\"ff-el-form-control\" rows=\"4\" cols=\"2\" data-name=\"message\" ><\/textarea><\/div><\/div><div class='ff-el-group ff-el-form-hide_label'><div class=\"ff-el-input--label asterisk-right\"><label   aria-label=\"Newsletter\">Newsletter<\/label><\/div><div class='ff-el-input--content'><div class='ff-el-form-check ff-el-form-check-'><label class='ff-el-form-check-label' for='newsletter_optin_667f828538fd80d82adaf1e3678800c5'><input  type=\"checkbox\" name=\"newsletter_optin[]\" data-name=\"newsletter_optin\" class=\"ff-el-form-check-input ff-el-form-check-checkbox\" value=\"yes\"  id='newsletter_optin_667f828538fd80d82adaf1e3678800c5' aria-label='Ja, ich m\u00f6chte den Vereins-Newsletter abonnieren (jederzeit abbestellbar).' aria-invalid='false' aria-required=false> <span>Ja, ich m\u00f6chte den Vereins-Newsletter abonnieren (jederzeit abbestellbar).<\/span><\/label><\/div><\/div><\/div><div data-name=\"ff_cn_id_2\"  class='ff-t-container ff-column-container ff_columns_total_1 basf-contact-submit-area'><div class='ff-t-cell ff-t-column-1' style='flex-basis: 100%;'><div class='ff-el-group    ff-el-input--content'><div class='ff-el-form-check ff-el-tc'><label aria-label='Terms and Conditions: Ich stimme der Datenschutzerkl\u00e4rung zu und erkl\u00e4re mich mit der Verarbeitung meiner Daten einverstanden. Contains 1 link. Use tab navigation to review.' class='ff-el-form-check-label ff_tc_label' for=gdpr-agreement_c9263ceed23052dd8fff47ceed755741><span class='ff_tc_checkbox'><input type=\"checkbox\" name=\"gdpr-agreement\" class=\"ff-el-form-check-input ff-el-form-check-input ff_gdpr_field\" data-name=\"gdpr-agreement\" id=\"gdpr-agreement_c9263ceed23052dd8fff47ceed755741\"  value='on' aria-invalid='false' aria-required=true><\/span> <div class='ff_t_c'>Ich stimme der <a href=\"\/datenschutz\/\" target=\"_blank\">Datenschutzerkl\u00e4rung<\/a> zu und erkl\u00e4re mich mit der Verarbeitung meiner Daten einverstanden.<\/div><\/label><\/div><\/div><div class='ff-el-group ff-text-right ff_submit_btn_wrapper ff_submit_btn_wrapper_custom'><button class=\"ff-btn ff-btn-submit ff-btn-md ff_btn_no_style\" type=\"submit\" name=\"custom_submit_button-1_1\" data-name=\"custom_submit_button-1_1\"  aria-label=\"Absenden\">Absenden<\/button><\/div><\/div><\/div><\/fieldset><\/form><div id='fluentform_1_errors' class='ff-errors-in-stack ff_form_instance_1_1 ff-form-loading_errors ff_form_instance_1_1_errors'><\/div><\/div>            <script type=\"text\/javascript\">\n                window.fluent_form_ff_form_instance_1_1 = {\"id\":\"1\",\"ajaxUrl\":\"https:\\\/\\\/www.lu-tennis.de\\\/wp-admin\\\/admin-ajax.php\",\"settings\":{\"layout\":{\"labelPlacement\":\"top\",\"helpMessagePlacement\":\"with_label\",\"errorMessagePlacement\":\"inline\",\"cssClassName\":\"\",\"asteriskPlacement\":\"asterisk-right\"},\"restrictions\":{\"denyEmptySubmission\":{\"enabled\":false}}},\"form_instance\":\"ff_form_instance_1_1\",\"form_id_selector\":\"fluentform_1\",\"rules\":{\"names[first_name]\":{\"required\":{\"value\":true,\"message\":\"Dieses Feld ist erforderlich\",\"global\":true,\"global_message\":\"Dieses Feld ist erforderlich\"}},\"names[middle_name]\":{\"required\":{\"value\":false,\"message\":\"This field is required\",\"global\":false,\"global_message\":\"Dieses Feld ist erforderlich\"}},\"names[last_name]\":{\"required\":{\"value\":true,\"message\":\"Dieses Feld ist erforderlich\",\"global\":true,\"global_message\":\"Dieses Feld ist erforderlich\"}},\"email\":{\"required\":{\"value\":true,\"message\":\"Dieses Feld ist erforderlich\",\"global\":true,\"global_message\":\"Dieses Feld ist erforderlich\"},\"email\":{\"value\":true,\"message\":\"Dieses Feld muss eine g\\u00fcltige E-Mail-Adresse enthalten\",\"global\":true,\"global_message\":\"Dieses Feld muss eine g\\u00fcltige E-Mail-Adresse enthalten\"}},\"phone\":{\"required\":{\"value\":true,\"global\":true,\"message\":\"Dieses Feld ist erforderlich\",\"global_message\":\"Dieses Feld ist erforderlich\"},\"valid_phone_number\":{\"value\":true,\"global\":true,\"message\":\"Telefonnummer ist ung\\u00fcltig\",\"global_message\":\"Telefonnummer ist ung\\u00fcltig\"}},\"message\":{\"required\":{\"value\":true,\"message\":\"Dieses Feld ist erforderlich\",\"global\":true,\"global_message\":\"Dieses Feld ist erforderlich\"}},\"newsletter_optin\":{\"required\":{\"value\":false,\"message\":\"Dieses Feld ist erforderlich\",\"global_message\":\"Dieses Feld ist erforderlich\",\"global\":true}},\"gdpr-agreement\":{\"required\":{\"value\":1,\"message\":\"Dieses Feld ist erforderlich\",\"global_message\":\"Dieses Feld ist erforderlich\",\"global\":true}}},\"debounce_time\":300};\n                            <\/script>\n            <\/div>\n","protected":false},"excerpt":{"rendered":"<p>Was bedeutet eine inklusive Mitgliedschaft? Eine inklusive Mitgliedschaft bedeutet, dass Menschen mit und ohne Beeintr\u00e4chtigungen gleicherma\u00dfen willkommen sind. Wir bieten barrierefreie Zug\u00e4nge zu unseren Pl\u00e4tzen und Clubh\u00e4usern, spezielle Trainingsangebote sowie individuelle Unterst\u00fctzung je nach Bedarf. Vom ersten Schl\u00e4ger-Schwung bis zum Turnier-Einsatz: unser Team begleitet jedes Mitglied auf seinem Weg \u2014 mit Erfahrung, Empathie und echter [&hellip;]<\/p>\n","protected":false},"author":1,"featured_media":0,"parent":0,"menu_order":0,"comment_status":"closed","ping_status":"closed","template":"","meta":{"_seopress_robots_primary_cat":"","_seopress_titles_title":"","_seopress_titles_desc":"","_seopress_robots_index":"","werbesofa_core_post_meta_password_title":"","werbesofa_core_post_meta_password_text":"","footnotes":""},"class_list":["post-89","page","type-page","status-publish","hentry"],"_links":{"self":[{"href":"https:\/\/www.lu-tennis.de\/en\/wp-json\/wp\/v2\/pages\/89","targetHints":{"allow":["GET"]}}],"collection":[{"href":"https:\/\/www.lu-tennis.de\/en\/wp-json\/wp\/v2\/pages"}],"about":[{"href":"https:\/\/www.lu-tennis.de\/en\/wp-json\/wp\/v2\/types\/page"}],"author":[{"embeddable":true,"href":"https:\/\/www.lu-tennis.de\/en\/wp-json\/wp\/v2\/users\/1"}],"replies":[{"embeddable":true,"href":"https:\/\/www.lu-tennis.de\/en\/wp-json\/wp\/v2\/comments?post=89"}],"version-history":[{"count":16,"href":"https:\/\/www.lu-tennis.de\/en\/wp-json\/wp\/v2\/pages\/89\/revisions"}],"predecessor-version":[{"id":2459,"href":"https:\/\/www.lu-tennis.de\/en\/wp-json\/wp\/v2\/pages\/89\/revisions\/2459"}],"wp:attachment":[{"href":"https:\/\/www.lu-tennis.de\/en\/wp-json\/wp\/v2\/media?parent=89"}],"curies":[{"name":"wp","href":"https:\/\/api.w.org\/{rel}","templated":true}]}}