{"id":77,"date":"2026-03-16T19:23:11","date_gmt":"2026-03-16T18:23:11","guid":{"rendered":"https:\/\/www.lu-tennis.de\/?page_id=77"},"modified":"2026-04-03T02:11:46","modified_gmt":"2026-04-03T00:11:46","slug":"facilities-places","status":"publish","type":"page","link":"https:\/\/www.lu-tennis.de\/en\/club\/anlagen-plaetze\/","title":{"rendered":"Facilities &amp; places"},"content":{"rendered":"\n<a class=\"wp-block-cover alignfull has-parallax basf-venue-hero\" style=\"min-height:100vh;aspect-ratio:unset;\" href=\"\/platzbuchung\/#tennis\" target=\"_self\" aria-label=\"Tennis Au\u00dfenpl\u00e4tze\" data-cursor-label=\"Zur Platzbuchung\"><div role=\"img\" aria-label=\"Tennisschl\u00e4ger und Ball auf Sandplatz\" class=\"wp-block-cover__image-background wp-image-554 size-full has-parallax\" style=\"background-position:50% 50%;background-image:url(https:\/\/www.lu-tennis.de\/wp-content\/uploads\/2026\/03\/0P6A1399.jpg)\"><\/div><span aria-hidden=\"true\" class=\"wp-block-cover__background has-neutral-background-color has-background-dim\"><\/span><div class=\"wp-block-cover__inner-container has-global-padding is-layout-constrained wp-block-cover-is-layout-constrained\">\n<h2 class=\"wp-block-heading has-text-align-center has-display-extra-large-font-size\">Tennis Au\u00dfenpl\u00e4tze<\/h2>\n<\/div><\/a>\n\n\n\n<a class=\"wp-block-cover alignfull has-parallax basf-venue-hero\" style=\"min-height:100vh;aspect-ratio:unset;\" href=\"\/platzbuchung\/#tennis-innen\" target=\"_self\" aria-label=\"Padel Hallenpl\u00e4tze\" data-cursor-label=\"Zur Platzbuchung\"><div role=\"img\" aria-label=\"Tennishalle mit Netz in Zentralperspektive\" class=\"wp-block-cover__image-background wp-image-562 size-full has-parallax\" style=\"background-position:50% 50%;background-image:url(https:\/\/www.lu-tennis.de\/wp-content\/uploads\/2026\/03\/0P6A1530.jpg)\"><\/div><span aria-hidden=\"true\" class=\"wp-block-cover__background has-neutral-background-color has-background-dim\"><\/span><div class=\"wp-block-cover__inner-container has-global-padding is-layout-constrained wp-block-cover-is-layout-constrained\">\n<h2 class=\"wp-block-heading has-text-align-center has-display-extra-large-font-size\">Tennis Hallenpl\u00e4tze<\/h2>\n<\/div><\/a>\n\n\n\n<a class=\"wp-block-cover alignfull has-parallax basf-venue-hero\" style=\"min-height:100vh;aspect-ratio:unset;\" href=\"\/platzbuchung\/#padel\" target=\"_self\" aria-label=\"Padel Au\u00dfenpl\u00e4tze\" data-cursor-label=\"Zur Platzbuchung\"><div role=\"img\" aria-label=\"Luftaufnahme moderner Padelpl\u00e4tze im Gr\u00fcnen\" class=\"wp-block-cover__image-background wp-image-485 size-full has-parallax\" style=\"background-position:50% 50%;background-image:url(https:\/\/www.lu-tennis.de\/wp-content\/uploads\/2026\/03\/DJI_0135.jpg)\"><\/div><span aria-hidden=\"true\" class=\"wp-block-cover__background has-neutral-background-color has-background-dim\"><\/span><div class=\"wp-block-cover__inner-container has-global-padding is-layout-constrained wp-block-cover-is-layout-constrained\">\n<h2 class=\"wp-block-heading has-text-align-center has-display-extra-large-font-size\">Padel Au\u00dfenpl\u00e4tze<\/h2>\n<\/div><\/a>\n\n\n\n<a class=\"wp-block-cover alignfull has-parallax basf-venue-hero\" style=\"min-height:100vh;aspect-ratio:unset;\" href=\"\/platzbuchung\/#padel-innen\" target=\"_self\" aria-label=\"Padel Hallenpl\u00e4tze\" data-cursor-label=\"Zur Platzbuchung\"><div role=\"img\" aria-label=\"Indoor-Padelpl\u00e4tze mit Spielern und CUPRA-Branding\" class=\"wp-block-cover__image-background wp-image-563 size-full has-parallax\" style=\"background-position:50% 50%;background-image:url(https:\/\/www.lu-tennis.de\/wp-content\/uploads\/2026\/03\/259b8c77-096d-4729-ac9e-489e2d925f47.jpg)\"><\/div><span aria-hidden=\"true\" class=\"wp-block-cover__background has-neutral-background-color has-background-dim\"><\/span><div class=\"wp-block-cover__inner-container has-global-padding is-layout-constrained wp-block-cover-is-layout-constrained\">\n<h2 class=\"wp-block-heading has-text-align-center has-display-extra-large-font-size\">Padel Hallenpl\u00e4tze<\/h2>\n<\/div><\/a>\n\n\n\n<a class=\"wp-block-cover alignfull has-parallax basf-venue-hero\" style=\"min-height:100vh;aspect-ratio:unset;\" href=\"\/platzbuchung\/#soccer\" target=\"_self\" aria-label=\"Soccercourt\" data-cursor-label=\"Zur Platzbuchung\"><div role=\"img\" aria-label=\"Luftaufnahme eines gr\u00fcnen Fu\u00dfballplatzes mit Basketballk\u00f6rben\" class=\"wp-block-cover__image-background wp-image-201 size-full has-parallax\" style=\"background-position:50% 50%;background-image:url(https:\/\/www.lu-tennis.de\/wp-content\/uploads\/2026\/03\/DJI_0126.jpg)\"><\/div><span aria-hidden=\"true\" class=\"wp-block-cover__background has-neutral-background-color has-background-dim\"><\/span><div class=\"wp-block-cover__inner-container has-global-padding is-layout-constrained wp-block-cover-is-layout-constrained\">\n<h2 class=\"wp-block-heading has-text-align-center has-display-extra-large-font-size\">Soccercourt<\/h2>\n<\/div><\/a>\n\n\n\n<a class=\"wp-block-cover alignfull has-parallax basf-venue-hero\" style=\"min-height:100vh;aspect-ratio:unset;\" href=\"\/platzbuchung\/#boule\" target=\"_self\" aria-label=\"Boule\" data-cursor-label=\"Zur Platzbuchung\"><div role=\"img\" aria-label=\"Luftaufnahme eines Bocciafelds mit B\u00e4umen und Schatten\" class=\"wp-block-cover__image-background wp-image-564 size-full has-parallax\" style=\"background-position:50% 50%;background-image:url(https:\/\/www.lu-tennis.de\/wp-content\/uploads\/2026\/03\/20220814-DJI_0058-2.jpg)\"><\/div><span aria-hidden=\"true\" class=\"wp-block-cover__background has-neutral-background-color has-background-dim\"><\/span><div class=\"wp-block-cover__inner-container has-global-padding is-layout-constrained wp-block-cover-is-layout-constrained\">\n<h2 class=\"wp-block-heading has-text-align-center has-display-extra-large-font-size\">Boule<\/h2>\n<\/div><\/a>\n\n\n\n<div class=\"wp-block-group alignfull basf-venue-cta has-secondary-color has-accent-background-color has-text-color has-background has-link-color wp-elements-be965e2d91065b6e77c6eb1fe8806310 has-global-padding is-layout-constrained wp-block-group-is-layout-constrained\" style=\"padding-top:var(--wp--preset--spacing--section);padding-bottom:var(--wp--preset--spacing--section)\">\n<div class=\"wp-block-columns alignwide are-vertically-aligned-center is-layout-flex wp-container-core-columns-is-layout-acc9b5e9 wp-block-columns-is-layout-flex\">\n<div class=\"wp-block-column is-vertically-aligned-center is-layout-flow wp-block-column-is-layout-flow\">\n<h2 class=\"wp-block-heading\">Zur Platzbuchung<\/h2>\n\n\n\n<p>Buchen Sie Ihren Platz bequem online \u00fcber unser digitales Platzbuchungssystem. Mitglieder erhalten automatisch Zugang, Nicht-Mitglieder k\u00f6nnen sich einfach registrieren. Padelpl\u00e4tze werden \u00fcber die Playtomic-App gebucht.<\/p>\n<\/div>\n\n\n\n<div class=\"wp-block-column is-vertically-aligned-center is-layout-flow wp-block-column-is-layout-flow\">\n<p class=\"basf-venue-cta__button has-heading-5-font-size\"><a href=\"https:\/\/www.lu-tennis.de\/platzbuchung\/\" data-type=\"page\" data-id=\"106\">Platzbuchung<\/a><\/p>\n<\/div>\n<\/div>\n<\/div>\n\n\n\n<div class=\"wp-block-group alignfull basf-contact-form has-global-padding is-layout-constrained wp-container-core-group-is-layout-078133e9 wp-block-group-is-layout-constrained\" style=\"padding-top:var(--wp--preset--spacing--section);padding-bottom:var(--wp--preset--spacing--section)\">\n<div class=\"wp-block-group alignwide is-content-justification-space-between is-layout-flex wp-container-core-group-is-layout-09c617e4 wp-block-group-is-layout-flex\">\n<h2 class=\"wp-block-heading\">Nehmen Sie Kontakt<br>zu uns auf<\/h2>\n\n\n\n<p class=\"is-style-section\">Haben Sie Fragen zu Mitgliedschaften, Platzbuchungen oder unseren Angeboten? Wir freuen uns auf Ihre Nachricht! Gesch\u00e4ftsstelle: 0621 12 18 45 22, B\u00fcrozeiten: Mo 11\u201315 Uhr, Do 10\u201313 Uhr.<\/p>\n<\/div>\n\n\n<div class='fluentform ff-inherit-theme-style fluentform_wrapper_1  ff_guten_block ff_guten_block-1'><form data-form_id=\"1\" id=\"fluentform_1\" class=\"frm-fluent-form fluent_form_1 ff-el-form-top ff_form_instance_1_1 ff-form-loading ffs_inherit_theme\" data-form_instance=\"ff_form_instance_1_1\" method=\"POST\" ><fieldset  style=\"border: none!important;margin: 0!important;padding: 0!important;background-color: transparent!important;box-shadow: none!important;outline: none!important; min-inline-size: 100%;\">\n                    <legend class=\"ff_screen_reader_title\" style=\"display: block; margin: 0!important;padding: 0!important;height: 0!important;text-indent: -999999px;width: 0!important;overflow:hidden;\">Kontakt<\/legend>        <div\n                style=\"display: none!important; position: absolute!important; transform: translateX(1000%)!important;\"\n                class=\"ff-el-group ff-hpsf-container\"\n        >\n            <div class=\"ff-el-input--label asterisk-right\">\n                <label for=\"ff_1_item_sf\" aria-label=\"Subscribe\">\n                    Subscribe                <\/label>\n            <\/div>\n            <div class=\"ff-el-input--content\">\n                <input type=\"text\"\n                       name=\"item_1__fluent_sf\"\n                       class=\"ff-el-form-control\"\n                       id=\"ff_1_item_sf\"\n                \/>\n            <\/div>\n        <\/div>\n        <input type='hidden' name='__fluent_form_embded_post_id' value='77' \/><input type=\"hidden\" id=\"_fluentform_1_fluentformnonce\" name=\"_fluentform_1_fluentformnonce\" value=\"1955520580\" \/><input type=\"hidden\" name=\"_wp_http_referer\" value=\"\/en\/wp-json\/wp\/v2\/pages\/77\" \/><div data-type=\"name-element\" data-name=\"names\" class=\" ff-field_container ff-name-field-wrapper\" ><div class='ff-t-container'><div class='ff-t-cell '><div class='ff-el-group'><div class=\"ff-el-input--label ff-el-is-required asterisk-right\"><label for='ff_1_names_first_name_' id='label_ff_1_names_first_name_' >Vorname<\/label><\/div><div class='ff-el-input--content'><input type=\"text\" name=\"names[first_name]\" id=\"ff_1_names_first_name_\" class=\"ff-el-form-control\" tabindex=\"1\" aria-invalid=\"false\" aria-required=true><\/div><\/div><\/div><div class='ff-t-cell '><div class='ff-el-group'><div class=\"ff-el-input--label ff-el-is-required asterisk-right\"><label for='ff_1_names_last_name_' id='label_ff_1_names_last_name_' >Nachname<\/label><\/div><div class='ff-el-input--content'><input type=\"text\" name=\"names[last_name]\" id=\"ff_1_names_last_name_\" class=\"ff-el-form-control\" tabindex=\"2\" aria-invalid=\"false\" aria-required=true><\/div><\/div><\/div><\/div><\/div><div data-name=\"ff_cn_id_1\"  class='ff-t-container ff-column-container ff_columns_total_2 '><div class='ff-t-cell ff-t-column-1' style='flex-basis: 50%;'><div class='ff-el-group'><div class=\"ff-el-input--label ff-el-is-required asterisk-right\"><label for='ff_1_email' id='label_ff_1_email' aria-label=\"E-Mail Adresse\">E-Mail Adresse<\/label><\/div><div class='ff-el-input--content'><input type=\"email\" name=\"email\" id=\"ff_1_email\" class=\"ff-el-form-control\" data-name=\"email\" tabindex=\"3\"  aria-invalid=\"false\" aria-required=true><\/div><\/div><\/div><div class='ff-t-cell ff-t-column-2' style='flex-basis: 50%;'><div class='ff-el-group'><div class=\"ff-el-input--label ff-el-is-required asterisk-right\"><label for='ff_1_phone' id='label_ff_1_phone' aria-label=\"Telefon\">Telefon<\/label><\/div><div class='ff-el-input--content'><input name=\"phone\" class=\"ff-el-form-control ff-el-phone ff_el_with_extended_validation\" type=\"tel\" data-name=\"phone\" id=\"ff_1_phone\" tabindex=\"4\" inputmode=\"tel\"  aria-invalid='false' aria-required=true><\/div><\/div><\/div><\/div><div class='ff-el-group'><div class=\"ff-el-input--label ff-el-is-required asterisk-right\"><label for='ff_1_message' id='label_ff_1_message' aria-label=\"Nachricht\">Nachricht<\/label><\/div><div class='ff-el-input--content'><textarea aria-required=\"true\" aria-labelledby=\"label_ff_1_message\" name=\"message\" id=\"ff_1_message\" class=\"ff-el-form-control\" rows=\"4\" cols=\"2\" data-name=\"message\" tabindex=\"5\" ><\/textarea><\/div><\/div><div class='ff-el-group ff-el-form-hide_label'><div class=\"ff-el-input--label asterisk-right\"><label   aria-label=\"Newsletter\">Newsletter<\/label><\/div><div class='ff-el-input--content'><div class='ff-el-form-check ff-el-form-check-'><label class='ff-el-form-check-label' for='newsletter_optin_e6d8e306983be4a2571e9383cdc6eadd'><input  type=\"checkbox\" name=\"newsletter_optin[]\" data-name=\"newsletter_optin\" class=\"ff-el-form-check-input ff-el-form-check-checkbox\" tabindex=\"6\" value=\"yes\"  id='newsletter_optin_e6d8e306983be4a2571e9383cdc6eadd' aria-label='Ja, ich m\u00f6chte den Vereins-Newsletter abonnieren (jederzeit abbestellbar).' aria-invalid='false' aria-required=false> <span>Ja, ich m\u00f6chte den Vereins-Newsletter abonnieren (jederzeit abbestellbar).<\/span><\/label><\/div><\/div><\/div><div data-name=\"ff_cn_id_2\"  class='ff-t-container ff-column-container ff_columns_total_1 basf-contact-submit-area'><div class='ff-t-cell ff-t-column-1' style='flex-basis: 100%;'><div class='ff-el-group    ff-el-input--content'><div class='ff-el-form-check ff-el-tc'><label aria-label='Terms and Conditions: Ich stimme der Datenschutzerkl\u00e4rung zu und erkl\u00e4re mich mit der Verarbeitung meiner Daten einverstanden. Contains 1 link. Use tab navigation to review.' class='ff-el-form-check-label ff_tc_label' for=gdpr-agreement_b8690433a5881b8bbbe4dedeba579b51><span class='ff_tc_checkbox'><input type=\"checkbox\" name=\"gdpr-agreement\" class=\"ff-el-form-check-input ff-el-form-check-input ff_gdpr_field\" data-name=\"gdpr-agreement\" id=\"gdpr-agreement_b8690433a5881b8bbbe4dedeba579b51\" tabindex=\"7\"  value='on' aria-invalid='false' aria-required=true><\/span> <div class='ff_t_c'>Ich stimme der <a href=\"\/datenschutz\/\" target=\"_blank\">Datenschutzerkl\u00e4rung<\/a> zu und erkl\u00e4re mich mit der Verarbeitung meiner Daten einverstanden.<\/div><\/label><\/div><\/div><div class='ff-el-group ff-text-right ff_submit_btn_wrapper ff_submit_btn_wrapper_custom'><button class=\"ff-btn ff-btn-submit ff-btn-md ff_btn_no_style\" type=\"submit\" name=\"custom_submit_button-1_1\" data-name=\"custom_submit_button-1_1\" tabindex=\"8\"  aria-label=\"Absenden\">Absenden<\/button><\/div><\/div><\/div><div class='ff-el-group ' ><div class='ff-el-input--content'><div data-fluent_id='1' name='g-recaptcha-response'><div\n\t\tdata-sitekey='6LfnxMwsAAAAAAYRj08faAZiqSynPUc3dU0tO-Fz'\n\t\tid='fluentform-recaptcha-1-1'\n\t\tclass='ff-el-recaptcha g-recaptcha'\n\t\tdata-callback='fluentFormrecaptchaSuccessCallback'><\/div><\/div><\/div><\/div><\/fieldset><\/form><div id='fluentform_1_errors' class='ff-errors-in-stack ff_form_instance_1_1 ff-form-loading_errors ff_form_instance_1_1_errors'><\/div><\/div>            <script type=\"text\/javascript\">\n                window.fluent_form_ff_form_instance_1_1 = {\"id\":\"1\",\"ajaxUrl\":\"https:\\\/\\\/www.lu-tennis.de\\\/wp-admin\\\/admin-ajax.php\",\"settings\":{\"layout\":{\"labelPlacement\":\"top\",\"helpMessagePlacement\":\"with_label\",\"errorMessagePlacement\":\"inline\",\"cssClassName\":\"\",\"asteriskPlacement\":\"asterisk-right\"},\"restrictions\":{\"denyEmptySubmission\":{\"enabled\":false}}},\"form_instance\":\"ff_form_instance_1_1\",\"form_id_selector\":\"fluentform_1\",\"rules\":{\"names[first_name]\":{\"required\":{\"value\":true,\"message\":\"Dieses Feld ist erforderlich\",\"global\":true,\"global_message\":\"Dieses Feld ist erforderlich\"}},\"names[middle_name]\":{\"required\":{\"value\":false,\"message\":\"This field is required\",\"global\":false,\"global_message\":\"Dieses Feld ist erforderlich\"}},\"names[last_name]\":{\"required\":{\"value\":true,\"message\":\"Dieses Feld ist erforderlich\",\"global\":true,\"global_message\":\"Dieses Feld ist erforderlich\"}},\"email\":{\"required\":{\"value\":true,\"message\":\"Dieses Feld ist erforderlich\",\"global\":true,\"global_message\":\"Dieses Feld ist erforderlich\"},\"email\":{\"value\":true,\"message\":\"Dieses Feld muss eine g\\u00fcltige E-Mail-Adresse enthalten\",\"global\":true,\"global_message\":\"Dieses Feld muss eine g\\u00fcltige E-Mail-Adresse enthalten\"}},\"phone\":{\"required\":{\"value\":true,\"global\":true,\"message\":\"Dieses Feld ist erforderlich\",\"global_message\":\"Dieses Feld ist erforderlich\"},\"valid_phone_number\":{\"value\":true,\"global\":true,\"message\":\"Telefonnummer ist ung\\u00fcltig\",\"global_message\":\"Telefonnummer ist ung\\u00fcltig\"}},\"message\":{\"required\":{\"value\":true,\"message\":\"Dieses Feld ist erforderlich\",\"global\":true,\"global_message\":\"Dieses Feld ist erforderlich\"}},\"newsletter_optin\":{\"required\":{\"value\":false,\"message\":\"Dieses Feld ist erforderlich\",\"global_message\":\"Dieses Feld ist erforderlich\",\"global\":true}},\"gdpr-agreement\":{\"required\":{\"value\":1,\"message\":\"Dieses Feld ist erforderlich\",\"global_message\":\"Dieses Feld ist erforderlich\",\"global\":true}}},\"debounce_time\":300};\n                            <\/script>\n            <\/div>\n","protected":false},"excerpt":{"rendered":"<p>Zur Platzbuchung Buchen Sie Ihren Platz bequem online \u00fcber unser digitales Platzbuchungssystem. Mitglieder erhalten automatisch Zugang, Nicht-Mitglieder k\u00f6nnen sich einfach registrieren. Padelpl\u00e4tze werden \u00fcber die Playtomic-App gebucht. Platzbuchung Nehmen Sie Kontaktzu uns auf Haben Sie Fragen zu Mitgliedschaften, Platzbuchungen oder unseren Angeboten? Wir freuen uns auf Ihre Nachricht! Gesch\u00e4ftsstelle: 0621 12 18 45 22, B\u00fcrozeiten: [&hellip;]<\/p>\n","protected":false},"author":1,"featured_media":0,"parent":65,"menu_order":0,"comment_status":"closed","ping_status":"closed","template":"","meta":{"_seopress_robots_primary_cat":"","_seopress_titles_title":"","_seopress_titles_desc":"","_seopress_robots_index":"","werbesofa_core_post_meta_password_title":"","werbesofa_core_post_meta_password_text":"","footnotes":""},"class_list":["post-77","page","type-page","status-publish","hentry"],"_links":{"self":[{"href":"https:\/\/www.lu-tennis.de\/en\/wp-json\/wp\/v2\/pages\/77","targetHints":{"allow":["GET"]}}],"collection":[{"href":"https:\/\/www.lu-tennis.de\/en\/wp-json\/wp\/v2\/pages"}],"about":[{"href":"https:\/\/www.lu-tennis.de\/en\/wp-json\/wp\/v2\/types\/page"}],"author":[{"embeddable":true,"href":"https:\/\/www.lu-tennis.de\/en\/wp-json\/wp\/v2\/users\/1"}],"replies":[{"embeddable":true,"href":"https:\/\/www.lu-tennis.de\/en\/wp-json\/wp\/v2\/comments?post=77"}],"version-history":[{"count":17,"href":"https:\/\/www.lu-tennis.de\/en\/wp-json\/wp\/v2\/pages\/77\/revisions"}],"predecessor-version":[{"id":986,"href":"https:\/\/www.lu-tennis.de\/en\/wp-json\/wp\/v2\/pages\/77\/revisions\/986"}],"up":[{"embeddable":true,"href":"https:\/\/www.lu-tennis.de\/en\/wp-json\/wp\/v2\/pages\/65"}],"wp:attachment":[{"href":"https:\/\/www.lu-tennis.de\/en\/wp-json\/wp\/v2\/media?parent=77"}],"curies":[{"name":"wp","href":"https:\/\/api.w.org\/{rel}","templated":true}]}}