{"id":124,"date":"2026-03-16T20:15:47","date_gmt":"2026-03-16T19:15:47","guid":{"rendered":"https:\/\/www.lu-tennis.de\/?page_id=124"},"modified":"2026-04-20T22:09:31","modified_gmt":"2026-04-20T20:09:31","slug":"imprint","status":"publish","type":"page","link":"https:\/\/www.lu-tennis.de\/en\/impressum\/","title":{"rendered":"Imprint"},"content":{"rendered":"<section class=\"wp-block-group alignfull has-global-padding is-layout-constrained wp-container-core-group-is-layout-afac1793 wp-block-group-is-layout-constrained\" style=\"padding-top:var(--wp--preset--spacing--header-section);padding-bottom:var(--wp--preset--spacing--section)\">\n<div class=\"wp-block-group alignwide has-global-padding is-layout-constrained wp-block-group-is-layout-constrained\">\n<h2 class=\"wp-block-heading\">Imprint<\/h2>\n\n\n\n<h3 class=\"wp-block-heading\">BASF Tennis Club e.V.<\/h3>\n\n\n\n<p>Weiherstrasse 39<br>67063 Ludwigshafen on the Rhine<br>Phone: 0621 12 18 45 22<br>E-mail: mail@lu-tennis.de<\/p>\n\n\n\n<h3 class=\"wp-block-heading\">Authorized representatives<\/h3>\n\n\n\n<p>Sascha Bembennek, Steffen Neutert, Philipp St\u00f6ffler, Jan van der Laan, Claus Majolk, Julian J\u00f6rg, Daniel R\u00fchm and Dr. Bastian Biermann<\/p>\n\n\n\n<h3 class=\"wp-block-heading\">Register entry<\/h3>\n\n\n\n<ul class=\"wp-block-list\">\n<li>Sales tax ID: DE149140509<\/li>\n\n\n\n<li>Court: Ludwigshafen am Rhein Local Court<\/li>\n\n\n\n<li>Register number: VR 989<\/li>\n<\/ul>\n\n\n\n<h3 class=\"wp-block-heading\">Responsible for content<\/h3>\n\n\n\n<p>According to \u00a7 55 Abs. 2 RStV: BASF Tennisclub e.V.<\/p>\n\n\n\n<h3 class=\"wp-block-heading\">Online dispute resolution<\/h3>\n\n\n\n<p>The EU provides a platform for online dispute resolution: <a href=\"http:\/\/ec.europa.eu\/consumers\/odr\/\" target=\"_blank\" rel=\"noopener\">http:\/\/ec.europa.eu\/consumers\/odr\/<\/a><\/p>\n\n\n\n<h3 class=\"wp-block-heading\">Disclaimer<\/h3>\n\n\n\n<p>The provider accepts no liability for the accuracy and currency of the freely accessible content. Contributions identified by name reflect the opinion of the respective author, not necessarily that of the provider.<\/p>\n\n\n\n<h3 class=\"wp-block-heading\">External links<\/h3>\n\n\n\n<p>The organization has checked external links for legal violations when they were created. Links to third-party sites do not constitute an endorsement. If we become aware of any infringements, such links will be removed immediately.<\/p>\n\n\n\n<h3 class=\"wp-block-heading\">Copyright<\/h3>\n\n\n\n<p>Contents are protected under German copyright law. Unauthorized reproduction requires written permission. Private, non-commercial copies are permitted. The presentation of the website in external frames requires permission.<\/p>\n<\/div>\n<\/section>","protected":false},"excerpt":{"rendered":"<p>Impressum BASF Tennisclub e.V. Weiherstra\u00dfe 3967063 Ludwigshafen am RheinTelefon: 0621 12 18 45 22E-Mail: mail@lu-tennis.de Vertretungsberechtigte Sascha Bembennek, Steffen Neutert, Philipp St\u00f6ffler, Jan van der Laan, Claus Majolk, Julian J\u00f6rg, Daniel R\u00fchm und Dr. Bastian Biermann Registereintrag Inhaltlich Verantwortlicher Gem\u00e4\u00df \u00a7 55 Abs. 2 RStV: BASF Tennisclub e.V. Online-Streitbeilegung Die EU stellt eine Plattform zur [&hellip;]<\/p>\n","protected":false},"author":1,"featured_media":0,"parent":0,"menu_order":0,"comment_status":"closed","ping_status":"closed","template":"","meta":{"_seopress_robots_primary_cat":"","_seopress_titles_title":"","_seopress_titles_desc":"","_seopress_robots_index":"","werbesofa_core_post_meta_password_title":"","werbesofa_core_post_meta_password_text":"","footnotes":""},"class_list":["post-124","page","type-page","status-publish","hentry"],"_links":{"self":[{"href":"https:\/\/www.lu-tennis.de\/en\/wp-json\/wp\/v2\/pages\/124","targetHints":{"allow":["GET"]}}],"collection":[{"href":"https:\/\/www.lu-tennis.de\/en\/wp-json\/wp\/v2\/pages"}],"about":[{"href":"https:\/\/www.lu-tennis.de\/en\/wp-json\/wp\/v2\/types\/page"}],"author":[{"embeddable":true,"href":"https:\/\/www.lu-tennis.de\/en\/wp-json\/wp\/v2\/users\/1"}],"replies":[{"embeddable":true,"href":"https:\/\/www.lu-tennis.de\/en\/wp-json\/wp\/v2\/comments?post=124"}],"version-history":[{"count":3,"href":"https:\/\/www.lu-tennis.de\/en\/wp-json\/wp\/v2\/pages\/124\/revisions"}],"predecessor-version":[{"id":1830,"href":"https:\/\/www.lu-tennis.de\/en\/wp-json\/wp\/v2\/pages\/124\/revisions\/1830"}],"wp:attachment":[{"href":"https:\/\/www.lu-tennis.de\/en\/wp-json\/wp\/v2\/media?parent=124"}],"curies":[{"name":"wp","href":"https:\/\/api.w.org\/{rel}","templated":true}]}}