{"id":109,"date":"2026-03-16T20:10:55","date_gmt":"2026-03-16T19:10:55","guid":{"rendered":"https:\/\/www.lu-tennis.de\/?page_id=109"},"modified":"2026-04-03T02:09:59","modified_gmt":"2026-04-03T00:09:59","slug":"seminar-rooms","status":"publish","type":"page","link":"https:\/\/www.lu-tennis.de\/en\/seminarraeume\/","title":{"rendered":"Seminar rooms"},"content":{"rendered":"<section class=\"wp-block-group alignfull basf-tennis-gallery has-global-padding is-layout-constrained wp-container-core-group-is-layout-e12a26f4 wp-block-group-is-layout-constrained\" style=\"padding-top:var(--wp--preset--spacing--header-section);padding-bottom:var(--wp--preset--spacing--section)\">\n<h1 class=\"wp-block-heading has-text-align-center has-display-extra-large-font-size\">Seminar rooms<\/h1>\n\n\n\n<div class=\"wp-block-group alignwide is-layout-grid wp-container-core-group-is-layout-84e98834 wp-block-group-is-layout-grid\">\n<figure class=\"wp-block-image size-full\"><img decoding=\"async\" src=\"https:\/\/www.lu-tennis.de\/wp-content\/uploads\/2026\/03\/0P6A4070.jpg\" alt=\"Modern conference room with long table and projector\" class=\"wp-image-845\" style=\"aspect-ratio:2\/3;object-fit:cover\"\/><\/figure>\n\n\n\n<figure class=\"wp-block-image size-full\"><img alt=\"\" decoding=\"async\" src=\"https:\/\/www.lu-tennis.de\/wp-content\/uploads\/2026\/03\/0P6A4279.jpg\" class=\"wp-image-847\" style=\"aspect-ratio:2\/3;object-fit:cover\"\/><\/figure>\n\n\n\n<figure class=\"wp-block-image size-full\"><img alt=\"Modern conference room with large table and window front\" decoding=\"async\" src=\"https:\/\/www.lu-tennis.de\/wp-content\/uploads\/2026\/03\/0P6A4246.jpg\" class=\"wp-image-848\" style=\"aspect-ratio:2\/3;object-fit:cover\"\/><\/figure>\n\n\n\n<figure class=\"wp-block-image size-full\"><img loading=\"lazy\" decoding=\"async\" width=\"1384\" height=\"922\" src=\"https:\/\/www.lu-tennis.de\/wp-content\/uploads\/2026\/03\/SR-Seite-2-Bild-2.png\" alt=\"Modern coffee kitchen with tables and coffee machine\" class=\"wp-image-849\" style=\"aspect-ratio:2\/3;object-fit:cover\" srcset=\"https:\/\/www.lu-tennis.de\/wp-content\/uploads\/2026\/03\/SR-Seite-2-Bild-2.png 1384w, https:\/\/www.lu-tennis.de\/wp-content\/uploads\/2026\/03\/SR-Seite-2-Bild-2-300x200.png 300w, https:\/\/www.lu-tennis.de\/wp-content\/uploads\/2026\/03\/SR-Seite-2-Bild-2-1024x682.png 1024w, https:\/\/www.lu-tennis.de\/wp-content\/uploads\/2026\/03\/SR-Seite-2-Bild-2-768x512.png 768w, https:\/\/www.lu-tennis.de\/wp-content\/uploads\/2026\/03\/SR-Seite-2-Bild-2-18x12.png 18w, https:\/\/www.lu-tennis.de\/wp-content\/uploads\/2026\/03\/SR-Seite-2-Bild-2-60x40.png 60w, https:\/\/www.lu-tennis.de\/wp-content\/uploads\/2026\/03\/SR-Seite-2-Bild-2-480x320.png 480w, https:\/\/www.lu-tennis.de\/wp-content\/uploads\/2026\/03\/SR-Seite-2-Bild-2-560x373.png 560w\" sizes=\"auto, (max-width: 1384px) 100vw, 1384px\" \/><\/figure>\n<\/div>\n<\/section>\n\n\n\n<div class=\"wp-block-group alignfull basf-venue-cta has-secondary-color has-accent-background-color has-text-color has-background has-link-color wp-elements-7323795e0239637d5a50ec547d760390 has-global-padding is-layout-constrained wp-block-group-is-layout-constrained\" style=\"padding-top:var(--wp--preset--spacing--section);padding-bottom:var(--wp--preset--spacing--section)\">\n<div class=\"wp-block-columns alignwide are-vertically-aligned-center is-layout-flex wp-container-core-columns-is-layout-acc9b5e9 wp-block-columns-is-layout-flex\">\n<div class=\"wp-block-column is-vertically-aligned-center is-layout-flow wp-block-column-is-layout-flow\">\n<h2 class=\"wp-block-heading\">To the seminar rooms<\/h2>\n\n\n\n<p>BASF Tennisclub e.V. has three seminar rooms on the upper floor of the clubhouse. The rooms offer a bright, communicative atmosphere with floor-to-ceiling windows and a view of the greenery. Modern conference technology, individual catering and active breaks on the sports grounds included.<\/p>\n<\/div>\n\n\n\n<div class=\"wp-block-column is-vertically-aligned-center is-layout-flow wp-block-column-is-layout-flow\">\n<p class=\"basf-venue-cta__button has-heading-5-font-size\"><a href=\"https:\/\/restaurant-clubhaus-lu.de\/seminarraume\/\" target=\"_blank\" rel=\"noreferrer noopener nofollow\">Book a room<\/a><\/p>\n<\/div>\n<\/div>\n<\/div>\n\n\n\n<section class=\"wp-block-group alignfull basf-seminar-rooms has-global-padding is-layout-constrained wp-container-core-group-is-layout-078133e9 wp-block-group-is-layout-constrained\" style=\"padding-top:var(--wp--preset--spacing--section);padding-bottom:var(--wp--preset--spacing--section)\">\n<div class=\"wp-block-group alignwide is-content-justification-space-between is-layout-flex wp-container-core-group-is-layout-7ca776bb wp-block-group-is-layout-flex\">\n<h2 class=\"wp-block-heading\">Your space for<br>your needs<\/h2>\n\n\n\n<p class=\"is-style-section wp-container-content-6ada17a2\">Every event is unique. We offer rooms in various sizes and designs, plus individual catering adaptations - from a champagne reception on the center court to a barbecue buffet on the 600 m\u00b2 terrace to a gala evening. Contact: Simo Jokic, 0621 12 18 45 30.<\/p>\n<\/div>\n\n\n\n<div class=\"wp-block-group alignfull basf-seminar-rooms__slider is-layout-flow wp-block-group-is-layout-flow\">\n<div class=\"wp-block-group basf-seminar-rooms__track is-nowrap is-layout-flex wp-container-core-group-is-layout-c4bc5739 wp-block-group-is-layout-flex\">\n<div class=\"wp-block-cover is-light has-custom-content-position is-position-bottom-left basf-seminar-rooms__slide has-aspect-ratio\" style=\"padding-top:20px;padding-right:24px;padding-bottom:20px;padding-left:24px;min-height:100%;aspect-ratio:1;min-height:unset;\"><img decoding=\"async\" class=\"wp-block-cover__image-background wp-image-862 size-large\" alt=\"Modern conference room with U-shaped table arrangement\" src=\"https:\/\/www.lu-tennis.de\/wp-content\/uploads\/2026\/03\/0P6A4046-1024x683.jpg\" data-object-fit=\"cover\"\/><span aria-hidden=\"true\" class=\"wp-block-cover__background has-background-dim-30 has-background-dim\" style=\"background-color:#9ca1a4\"><\/span><div class=\"wp-block-cover__inner-container has-global-padding is-layout-constrained wp-container-core-cover-is-layout-d591023e wp-block-cover-is-layout-constrained\">\n<div class=\"wp-block-group is-vertical is-content-justification-left is-layout-flex wp-container-core-group-is-layout-58619254 wp-block-group-is-layout-flex\" style=\"min-height:100%\">\n<h3 class=\"wp-block-heading has-secondary-color has-text-color has-heading-3-font-size\">Melbourne<\/h3>\n\n\n\n<p class=\"has-secondary-color has-text-color\">Our large seminar room with 60 m\u00b2, a view over the Center Court, space for up to 40 people and state-of-the-art conference technology including large-format projection and sound system.<\/p>\n<\/div>\n<\/div><\/div>\n\n\n\n<div class=\"wp-block-cover is-light has-custom-content-position is-position-bottom-left basf-seminar-rooms__slide has-aspect-ratio\" style=\"padding-top:20px;padding-right:24px;padding-bottom:20px;padding-left:24px;min-height:100%;aspect-ratio:1;min-height:unset;\"><img alt=\"Modern conference room with large windows and autumn views\" decoding=\"async\" class=\"wp-block-cover__image-background wp-image-857 size-full\" src=\"https:\/\/www.lu-tennis.de\/wp-content\/uploads\/2026\/03\/0P6A4285.jpg\" data-object-fit=\"cover\"\/><span aria-hidden=\"true\" class=\"wp-block-cover__background has-background-dim-30 has-background-dim\" style=\"background-color:#9f9b96\"><\/span><div class=\"wp-block-cover__inner-container has-global-padding is-layout-constrained wp-container-core-cover-is-layout-d591023e wp-block-cover-is-layout-constrained\">\n<div class=\"wp-block-group is-vertical is-content-justification-left is-layout-flex wp-container-core-group-is-layout-58619254 wp-block-group-is-layout-flex\" style=\"min-height:100%\">\n<h3 class=\"wp-block-heading has-secondary-color has-text-color has-heading-3-font-size\">New York<\/h3>\n\n\n\n<p class=\"has-secondary-color has-text-color\">Floats freely above the entrance area with generous glazing and a view of the natural surroundings. 60 m\u00b2, up to 40 people, can be divided into two separate areas.<\/p>\n<\/div>\n<\/div><\/div>\n\n\n\n<div class=\"wp-block-cover is-light has-custom-content-position is-position-bottom-left basf-seminar-rooms__slide has-aspect-ratio\" style=\"padding-top:20px;padding-right:24px;padding-bottom:20px;padding-left:24px;min-height:100%;aspect-ratio:1;min-height:unset;\"><img decoding=\"async\" class=\"wp-block-cover__image-background wp-image-848 size-large\" alt=\"Modern conference room with large table and window front\" src=\"https:\/\/www.lu-tennis.de\/wp-content\/uploads\/2026\/03\/0P6A4246-1024x683.jpg\" data-object-fit=\"cover\"\/><span aria-hidden=\"true\" class=\"wp-block-cover__background has-background-dim-30 has-background-dim\" style=\"background-color:#848888\"><\/span><div class=\"wp-block-cover__inner-container has-global-padding is-layout-constrained wp-container-core-cover-is-layout-d591023e wp-block-cover-is-layout-constrained\">\n<div class=\"wp-block-group is-vertical is-content-justification-left is-layout-flex wp-container-core-group-is-layout-58619254 wp-block-group-is-layout-flex\" style=\"min-height:100%\">\n<h3 class=\"wp-block-heading has-secondary-color has-text-color has-heading-3-font-size\">Paris<\/h3>\n\n\n\n<p class=\"has-secondary-color has-text-color\">Our compact room for small groups: 32 m\u00b2, up to 14 people, with height-adjustable Smartboard and view over the grounds.<\/p>\n<\/div>\n<\/div><\/div>\n\n\n\n<div class=\"wp-block-cover is-light has-custom-content-position is-position-bottom-left basf-seminar-rooms__slide has-aspect-ratio\" style=\"padding-top:20px;padding-right:24px;padding-bottom:20px;padding-left:24px;min-height:100%;aspect-ratio:1;min-height:unset;\"><img decoding=\"async\" class=\"wp-block-cover__image-background wp-image-856 size-large\" alt=\"Modern conference room with U-shaped table arrangement\" src=\"https:\/\/www.lu-tennis.de\/wp-content\/uploads\/2026\/03\/0P6A4062-1024x683.jpg\" data-object-fit=\"cover\"\/><span aria-hidden=\"true\" class=\"wp-block-cover__background has-background-dim-30 has-background-dim\" style=\"background-color:#b4aeab\"><\/span><div class=\"wp-block-cover__inner-container has-global-padding is-layout-constrained wp-container-core-cover-is-layout-d591023e wp-block-cover-is-layout-constrained\">\n<div class=\"wp-block-group is-vertical is-content-justification-left is-layout-flex wp-container-core-group-is-layout-58619254 wp-block-group-is-layout-flex\" style=\"min-height:100%\">\n<h3 class=\"wp-block-heading has-secondary-color has-text-color has-heading-3-font-size\">Melbourne &amp; New York<\/h3>\n\n\n\n<p class=\"has-secondary-color has-text-color\">Melbourne and New York as one room: 120 m\u00b2, up to 90 people seated in rows. Ideal for larger meetings, workshops and events.<\/p>\n<\/div>\n<\/div><\/div>\n<\/div>\n<\/div>\n<\/section>","protected":false},"excerpt":{"rendered":"<p>Seminarr\u00e4ume Zu den Seminarr\u00e4umen Der BASF Tennisclub e.V. verf\u00fcgt \u00fcber drei Seminarr\u00e4ume im Obergeschoss des Clubhauses. Die R\u00e4ume bieten eine helle, kommunikative Atmosph\u00e4re mit bodentiefen Fenstern und Blick ins Gr\u00fcne. Moderne Konferenztechnik, individuelles Catering und aktive Pausen auf der Sportanlage inklusive. Raum buchen Dein Raum f\u00fcrdeine Bed\u00fcrfnisse Jede Veranstaltung ist einzigartig. Wir bieten R\u00e4ume in [&hellip;]<\/p>\n","protected":false},"author":1,"featured_media":0,"parent":0,"menu_order":0,"comment_status":"closed","ping_status":"closed","template":"","meta":{"_seopress_robots_primary_cat":"","_seopress_titles_title":"","_seopress_titles_desc":"","_seopress_robots_index":"","werbesofa_core_post_meta_password_title":"","werbesofa_core_post_meta_password_text":"","footnotes":""},"class_list":["post-109","page","type-page","status-publish","hentry"],"_links":{"self":[{"href":"https:\/\/www.lu-tennis.de\/en\/wp-json\/wp\/v2\/pages\/109","targetHints":{"allow":["GET"]}}],"collection":[{"href":"https:\/\/www.lu-tennis.de\/en\/wp-json\/wp\/v2\/pages"}],"about":[{"href":"https:\/\/www.lu-tennis.de\/en\/wp-json\/wp\/v2\/types\/page"}],"author":[{"embeddable":true,"href":"https:\/\/www.lu-tennis.de\/en\/wp-json\/wp\/v2\/users\/1"}],"replies":[{"embeddable":true,"href":"https:\/\/www.lu-tennis.de\/en\/wp-json\/wp\/v2\/comments?post=109"}],"version-history":[{"count":15,"href":"https:\/\/www.lu-tennis.de\/en\/wp-json\/wp\/v2\/pages\/109\/revisions"}],"predecessor-version":[{"id":979,"href":"https:\/\/www.lu-tennis.de\/en\/wp-json\/wp\/v2\/pages\/109\/revisions\/979"}],"wp:attachment":[{"href":"https:\/\/www.lu-tennis.de\/en\/wp-json\/wp\/v2\/media?parent=109"}],"curies":[{"name":"wp","href":"https:\/\/api.w.org\/{rel}","templated":true}]}}