{"id":100,"date":"2026-03-16T20:10:24","date_gmt":"2026-03-16T19:10:24","guid":{"rendered":"https:\/\/www.lu-tennis.de\/?page_id=100"},"modified":"2026-04-03T01:39:54","modified_gmt":"2026-04-02T23:39:54","slug":"fitness-form","status":"publish","type":"page","link":"https:\/\/www.lu-tennis.de\/en\/mitgliedschaften\/fitnessformular\/","title":{"rendered":"Fitness form"},"content":{"rendered":"\n<section class=\"wp-block-group alignfull has-global-padding is-layout-constrained wp-container-core-group-is-layout-078133e9 wp-block-group-is-layout-constrained\" style=\"padding-top:var(--wp--preset--spacing--section);padding-bottom:var(--wp--preset--spacing--section)\">\n<div class=\"wp-block-group alignwide is-content-justification-space-between is-layout-flex wp-container-core-group-is-layout-09c617e4 wp-block-group-is-layout-flex\">\n<h2 class=\"wp-block-heading\">Zusatzoption &#8222;Fitnessbereich&#8220;<\/h2>\n\n\n\n<div class=\"wp-block-group has-global-padding is-layout-constrained wp-container-core-group-is-layout-1026f38c wp-block-group-is-layout-constrained\">\n<div class=\"wp-block-group alignwide is-content-justification-right is-nowrap is-layout-flex wp-container-core-group-is-layout-17124a9a wp-block-group-is-layout-flex\">\n<a class=\"wp-block-werbesofa-core-icon has-accent-background-color has-text-color has-background has-link-color wp-elements-94da685aedd9343af79f11739703140e\" style=\"border-top-left-radius:100%;border-top-right-radius:100%;border-bottom-left-radius:100%;border-bottom-right-radius:100%;color:#ffffff;padding-top:var(--wp--preset--spacing--20);padding-right:16px;padding-bottom:var(--wp--preset--spacing--20);padding-left:16px\" href=\"\/wp-content\/uploads\/2026\/03\/Formular-Fitness-Einzeln.pdf\" target=\"_blank\" rel=\"nofollow\"><svg style=\"height: 40px; width: 40px;\" xmlns=\"http:\/\/www.w3.org\/2000\/svg\" enable-background=\"new 0 0 48 48\" viewBox=\"0 0 48 48\" fill=\"currentColor\"><path d=\"M19.78 36.95c3.16 0 5.73-2.57 5.73-5.73v-3.07c0-3.16-2.57-5.73-5.73-5.73h-3.04c-.83 0-1.5.67-1.5 1.5v11.53c0 .83.67 1.5 1.5 1.5H19.78zM18.24 25.42h1.54c1.51 0 2.73 1.23 2.73 2.73v3.07c0 1.51-1.23 2.73-2.73 2.73h-1.54V25.42zM13.4 27.22c0-2.56-2.38-4.8-5.1-4.8H5.25c-.83 0-1.5.67-1.5 1.5v6.6 4.92c0 .83.67 1.5 1.5 1.5s1.5-.67 1.5-1.5v-3.42h1.84C11.24 32.03 13.4 29.87 13.4 27.22zM6.75 25.42h1.54c1.06 0 2.1.89 2.1 1.8 0 .99-.81 1.8-1.8 1.8H6.75V25.42z\" fill=\"currentColor\" class=\"color000000 svgShape\"\/><path d=\"M11.55,47.5h28.16c2.5,0,4.54-2.04,4.54-4.54V13.98c0-0.1-0.01-0.2-0.03-0.3c-0.01-0.06-0.03-0.11-0.05-0.17  c-0.01-0.04-0.02-0.08-0.03-0.11c-0.02-0.06-0.06-0.11-0.09-0.16c-0.02-0.03-0.03-0.07-0.05-0.1c-0.04-0.06-0.09-0.12-0.14-0.17  c-0.02-0.02-0.03-0.04-0.05-0.06L31.83,0.94c-0.01-0.01-0.03-0.02-0.05-0.04c-0.06-0.05-0.12-0.1-0.18-0.15  c-0.03-0.02-0.06-0.03-0.09-0.05c-0.06-0.03-0.11-0.07-0.17-0.09c-0.03-0.01-0.07-0.02-0.1-0.03c-0.06-0.02-0.12-0.04-0.18-0.05  c-0.1-0.02-0.2-0.03-0.3-0.03H11.55c-2.5,0-4.54,2.03-4.54,4.54v12.89c0,0.83,0.67,1.5,1.5,1.5s1.5-0.67,1.5-1.5V5.04  c0-0.85,0.69-1.54,1.54-1.54h17.72v7.8c0,2.3,1.87,4.18,4.18,4.18h7.8v27.48c0,0.85-0.69,1.54-1.54,1.54H11.55  c-0.85,0-1.54-0.69-1.54-1.54v-1.51c0-0.83-0.67-1.5-1.5-1.5s-1.5,0.67-1.5,1.5v1.51C7.02,45.46,9.05,47.5,11.55,47.5z M32.27,11.3  V5.62l6.85,6.86h-5.68C32.8,12.48,32.27,11.96,32.27,11.3z\" fill=\"currentColor\" class=\"color000000 svgShape\"\/><path d=\"M35.55,25.42c0.83,0,1.5-0.67,1.5-1.5s-0.67-1.5-1.5-1.5H28.8c-0.83,0-1.5,0.67-1.5,1.5v11.53c0,0.83,0.67,1.5,1.5,1.5  s1.5-0.67,1.5-1.5v-4.26h3.98c0.83,0,1.5-0.67,1.5-1.5s-0.67-1.5-1.5-1.5H30.3v-2.76H35.55z\" fill=\"currentColor\" class=\"color000000 svgShape\"\/><\/svg><\/a>\n<\/div>\n\n\n\n<p class=\"is-style-section\">Erg\u00e4nzen Sie Ihre Mitgliedschaft um den Zugang zum Fitnessbereich. Bestehende Mitglieder (Erstmitglied, Zweiter Erwachsener, Jugend) zahlen 60 \u20ac pro Jahr, alle anderen Mitgliedschaften 120 \u20ac pro Jahr. \u00d6ffnungszeiten: Mo\u2013Fr 9:00\u201321:00 Uhr, Sa\u2013So 9:00\u201318:00 Uhr.<\/p>\n<\/div>\n<\/div>\n\n\n<div class='fluentform ff-inherit-theme-style fluentform_wrapper_5  ff_guten_block ff_guten_block-5'><form data-form_id=\"5\" id=\"fluentform_5\" class=\"frm-fluent-form fluent_form_5 ff-el-form-top ff_form_instance_5_1 ff-form-loading ffs_inherit_theme\" data-form_instance=\"ff_form_instance_5_1\" method=\"POST\" ><fieldset  style=\"border: none!important;margin: 0!important;padding: 0!important;background-color: transparent!important;box-shadow: none!important;outline: none!important; min-inline-size: 100%;\">\n                    <legend class=\"ff_screen_reader_title\" style=\"display: block; margin: 0!important;padding: 0!important;height: 0!important;text-indent: -999999px;width: 0!important;overflow:hidden;\">Fitnessformular<\/legend>        <div\n                style=\"display: none!important; position: absolute!important; transform: translateX(1000%)!important;\"\n                class=\"ff-el-group ff-hpsf-container\"\n        >\n            <div class=\"ff-el-input--label asterisk-right\">\n                <label for=\"ff_5_item_sf\" aria-label=\"Contact\">\n                    Contact                <\/label>\n            <\/div>\n            <div class=\"ff-el-input--content\">\n                <input type=\"text\"\n                       name=\"item_5__fluent_sf\"\n                       class=\"ff-el-form-control\"\n                       id=\"ff_5_item_sf\"\n                \/>\n            <\/div>\n        <\/div>\n        <input type='hidden' name='__fluent_form_embded_post_id' value='100' \/><input type=\"hidden\" id=\"_fluentform_5_fluentformnonce\" name=\"_fluentform_5_fluentformnonce\" value=\"df877d33bd\" \/><input type=\"hidden\" name=\"_wp_http_referer\" value=\"\/en\/wp-json\/wp\/v2\/pages\/100\" \/><div data-type=\"name-element\" data-name=\"names\" class=\" ff-field_container ff-name-field-wrapper\" ><div class='ff-t-container'><div class='ff-t-cell '><div class='ff-el-group ff-el-form-top'><div class=\"ff-el-input--label ff-el-is-required asterisk-right\"><label for='ff_5_names_first_name_' id='label_ff_5_names_first_name_' >Vorname<\/label><\/div><div class='ff-el-input--content'><input type=\"text\" name=\"names[first_name]\" id=\"ff_5_names_first_name_\" class=\"ff-el-form-control\" aria-invalid=\"false\" aria-required=true><\/div><\/div><\/div><div class='ff-t-cell '><div class='ff-el-group ff-el-form-top'><div class=\"ff-el-input--label ff-el-is-required asterisk-right\"><label for='ff_5_names_last_name_' id='label_ff_5_names_last_name_' >Nachname<\/label><\/div><div class='ff-el-input--content'><input type=\"text\" name=\"names[last_name]\" id=\"ff_5_names_last_name_\" class=\"ff-el-form-control\" aria-invalid=\"false\" aria-required=true><\/div><\/div><\/div><\/div><\/div><div class='ff-el-group'><div class=\"ff-el-input--label ff-el-is-required asterisk-right\"><label for='ff_5_email' id='label_ff_5_email' aria-label=\"E-Mail Adresse\">E-Mail Adresse<\/label><\/div><div class='ff-el-input--content'><input type=\"email\" name=\"email\" id=\"ff_5_email\" class=\"ff-el-form-control\" data-name=\"email\"  aria-invalid=\"false\" aria-required=true><\/div><\/div><div class='ff-el-group  ff-custom_html' tabindex='-1' data-name=\"custom_html-5_1\" ><h2>Zusatzoption Fitnessbereich (Halle 2)<\/h2>\n<p>(Bitte nur ausf\u00fcllen, wenn Fitnessbereich dazugebucht wird)<\/p>\n<p>&nbsp;<\/p>\n<h3>Information und Anmeldung<\/h3>\n<p>Der BASF Tennisclub bietet zus\u00e4tzlich zu seinen Tennis- und Padelmitgliedschaften eine Zusatzoption f\u00fcr die Nutzung des Fitnessbereiches in Halle 2 an. Der Beitrag bel\u00e4uft sich f\u00fcr die Mitgliedschaft \u201eAktive Erstmitglieder\u201c (inkl. 2. Erwachsener bei Familienmitgliedschaften) sowie \u201eJugendliche\u201c auf 60\u20ac \/ Jahr und 120\u20ac \/ Jahr f\u00fcr alle sonstigen Mitgliedschaftsformen (jeweils zzgl. zur eigentlichen Mitgliedschaft). Um den Fitnessbereich nutzen zu k\u00f6nnen, kreuze bitte eines der folgenden K\u00e4stchen an:<\/p>\n<p><b>Hinweis:<\/b> Die Zusatzoption \u201eFitnessbereich\u201c steht ausschlie\u00dflich Mitgliedern ab 16 Jahren zur Verf\u00fcgung<\/p><\/div><div class='ff-el-group'><div class='ff-el-input--content'><div class='ff-el-form-check ff-el-form-check-'><label class='ff-el-form-check-label' for='SEPA_1_0f98c2d68a7d64258555824a371c4f54'><input  type=\"checkbox\" name=\"SEPA_1[]\" data-name=\"SEPA_1\" class=\"ff-el-form-check-input ff-el-form-check-checkbox\" value=\"Ich bin Mitglied (\u201eAktive Erstmitgliedschaft\u201c oder \u201eJugendliche\u201c) und m\u00f6chte die Zusatzoption \u201eFitnessbereich\u201c f\u00fcr 60\u20ac \/ Jahr buchen.\"  id='SEPA_1_0f98c2d68a7d64258555824a371c4f54' aria-label='Ich bin Mitglied (\u201eAktive Erstmitgliedschaft\u201c oder \u201eJugendliche\u201c) und m\u00f6chte die Zusatzoption \u201eFitnessbereich\u201c f\u00fcr 60\u20ac \/ Jahr buchen.' aria-invalid='false' aria-required=false> <span>Ich bin Mitglied (\u201eAktive Erstmitgliedschaft\u201c oder \u201eJugendliche\u201c) und m\u00f6chte die Zusatzoption \u201eFitnessbereich\u201c f\u00fcr 60\u20ac \/ Jahr buchen.<\/span><\/label><\/div><\/div><\/div><div class='ff-el-group'><div class='ff-el-input--content'><div class='ff-el-form-check ff-el-form-check-'><label class='ff-el-form-check-label' for='SEPA_4_ddaa3a6d22ee83fa8f43d5749775d8ff'><input  type=\"checkbox\" name=\"SEPA_4[]\" data-name=\"SEPA_4\" class=\"ff-el-form-check-input ff-el-form-check-checkbox\" value=\"Ich bin Mitglied (sonstige Mitgliedschaften) und m\u00f6chte die Zusatzoption \u201eFitnessbereich\u201c f\u00fcr 120\u20ac \/ Jahr buchen.\"  id='SEPA_4_ddaa3a6d22ee83fa8f43d5749775d8ff' aria-label='Ich bin Mitglied (sonstige Mitgliedschaften) und m\u00f6chte die Zusatzoption \u201eFitnessbereich\u201c f\u00fcr 120\u20ac \/ Jahr buchen.' aria-invalid='false' aria-required=false> <span>Ich bin Mitglied (sonstige Mitgliedschaften) und m\u00f6chte die Zusatzoption \u201eFitnessbereich\u201c f\u00fcr 120\u20ac \/ Jahr buchen.<\/span><\/label><\/div><\/div><\/div><div class='ff-el-group has-conditions'><div class=\"ff-el-input--label ff-el-is-required asterisk-right\"><label for='ff_5_input_text_6' id='label_ff_5_input_text_6' aria-label=\"Ort\">Ort<\/label><\/div><div class='ff-el-input--content'><input type=\"text\" name=\"input_text_6\" class=\"ff-el-form-control\" data-name=\"input_text_6\" id=\"ff_5_input_text_6\"  aria-invalid=\"false\" aria-required=true><\/div><\/div><div class='ff-el-group has-conditions'><div class=\"ff-el-input--label ff-el-is-required asterisk-right\"><label   aria-label=\"Unterschrift\">Unterschrift<\/label><\/div><div class='ff-el-input--content'><input type='text' name='signature_2' class='force-hide'>\n\n<div class=\"fluentform-signature-pad-wrapper\">\n    <canvas id='signature_2_5' \n            class='fluentform-signature-pad' \n            data-form-id='5'\n            data-pen-color='#333'\n            data-pen-size='2'\n            style='\n                background-color: #ffffff;\n                border: 2px dashed #FFEB3B;\n                width: 100%;\n            '\n            height=\"100\"\n    ><\/canvas>\n\n    <div class=\"ff-el-signature__actions\">\n        <div class='fluentform-signature-pad-actions'>\n            <button type='button' class='fluentform-signature-button fluentform-signature-clear'>\n                <svg version=\"1.1\" xmlns=\"http:\/\/www.w3.org\/2000\/svg\" xmlns:xlink=\"http:\/\/www.w3.org\/1999\/xlink\" x=\"0px\" y=\"0px\" viewBox=\"0 0 561 561\" xml:space=\"preserve\"><g><g id=\"loop\"><path d=\"M280.5,76.5V0l-102,102l102,102v-76.5c84.15,0,153,68.85,153,153c0,25.5-7.65,51-17.85,71.4l38.25,38.25C471.75,357,484.5,321.3,484.5,280.5C484.5,168.3,392.7,76.5,280.5,76.5z M280.5,433.5c-84.15,0-153-68.85-153-153c0-25.5,7.65-51,17.85-71.4l-38.25-38.25C89.25,204,76.5,239.7,76.5,280.5c0,112.2,91.8,204,204,204V561l102-102l-102-102V433.5z\"\/><\/g><\/g><g><\/g><g><\/g><g><\/g><g><\/g><g><\/g><g><\/g><g><\/g><g><\/g><g><\/g><g><\/g><g><\/g><g><\/g><g><\/g><g><\/g><g><\/g><\/svg>\n            <\/button>\n            \n            <button type='button' class='fluentform-signature-button fluentform-signature-undo'>\n                <svg version=\"1.1\" xmlns=\"http:\/\/www.w3.org\/2000\/svg\" xmlns:xlink=\"http:\/\/www.w3.org\/1999\/xlink\" x=\"0px\" y=\"0px\" viewBox=\"0 0 497.25 497.25\" xml:space=\"preserve\"><g><g id=\"undo\"><path d=\"M248.625,89.25V0l-127.5,127.5l127.5,127.5V140.25c84.15,0,153,68.85,153,153c0,84.15-68.85,153-153,153c-84.15,0-153-68.85-153-153h-51c0,112.2,91.8,204,204,204s204-91.8,204-204S360.825,89.25,248.625,89.25z\"\/><\/g><\/g><g><\/g><g><\/g><g><\/g><g><\/g><g><\/g><g><\/g><g><\/g><g><\/g><g><\/g><g><\/g><g><\/g><g><\/g><g><\/g><g><\/g><g><\/g><\/svg>\n            <\/button>\n\n            <button type='button' class='fluentform-signature-button fluentform-signature-redo'>\n                <svg version=\"1.1\" xmlns=\"http:\/\/www.w3.org\/2000\/svg\" xmlns:xlink=\"http:\/\/www.w3.org\/1999\/xlink\" x=\"0px\" y=\"0px\" viewBox=\"0 0 485.212 485.212\" xml:space=\"preserve\"><g><path d=\"M242.607,424.559c-75.252,0-136.468-61.209-136.468-136.465c0-75.252,61.216-136.466,136.468-136.466v90.978l151.629-121.302L242.607,0v90.978c-108.687,0-197.117,88.432-197.117,197.117c0,108.691,88.43,197.118,197.117,197.118c108.687,0,197.114-88.427,197.114-197.118h-60.645C379.077,363.35,317.859,424.559,242.607,424.559z\"\/><\/g><g><\/g><g><\/g><g><\/g><g><\/g><g><\/g><g><\/g><g><\/g><g><\/g><g><\/g><g><\/g><g><\/g><g><\/g><g><\/g><g><\/g><g><\/g><\/svg>\n            <\/button>\n        <\/div>\n\n        <div class='ff-el-signature__actions-hint fluentform-signature-hint'>Unterschreiben Sie hier<\/div>\n    <\/div>\n<\/div>\n<\/div><\/div><div class='ff-el-group  ff-custom_html' tabindex='-1' data-name=\"custom_html-5_2\" ><p>Hinweise zu Datenschutz, Nutzungsbedingungen, K\u00fcndigungsfristen sowie weiteren vertraglichen Regelungen finden Sie in dem zugeh\u00f6rigen Dokument. Dieses wird Ihnen nach Absenden des Formulars per E-Mail zugesandt und steht Ihnen zus\u00e4tzlich jederzeit \u00fcber das PDF-Symbol oben rechts zum Download zur Verf\u00fcgung.<\/p><\/div><div class='ff-el-group'><div class='ff-el-input--content'><div class='ff-el-form-check ff-el-form-check-'><label class='ff-el-form-check-label' for='SEPA_5_dbe89e237140150a5ebba53557d716c0'><input  type=\"checkbox\" name=\"SEPA_5[]\" data-name=\"SEPA_5\" class=\"ff-el-form-check-input ff-el-form-check-checkbox\" value=\"Ich habe die &lt;a href=&quot;\/datenschutz\/&quot;&gt;Datenschutzbestimmungen&lt;\/a&gt; gelesen und akzeptiere sie.\"  id='SEPA_5_dbe89e237140150a5ebba53557d716c0' aria-label='Ich habe die &lt;a href=&quot;\/datenschutz\/&quot;&gt;Datenschutzbestimmungen&lt;\/a&gt; gelesen und akzeptiere sie.' aria-invalid='false' aria-required=true> <span>Ich habe die <a href=\"\/datenschutz\/\">Datenschutzbestimmungen<\/a> gelesen und akzeptiere sie.<\/span><\/label><\/div><\/div><\/div><div class='ff-el-group ff-el-form-hide_label'><div class=\"ff-el-input--label asterisk-right\"><label   aria-label=\"Newsletter\">Newsletter<\/label><\/div><div class='ff-el-input--content'><div class='ff-el-form-check ff-el-form-check-'><label class='ff-el-form-check-label' for='newsletter_optin_f06951c0f261eff0aae67a961282d79a'><input  type=\"checkbox\" name=\"newsletter_optin[]\" data-name=\"newsletter_optin\" class=\"ff-el-form-check-input ff-el-form-check-checkbox\" value=\"yes\"  id='newsletter_optin_f06951c0f261eff0aae67a961282d79a' aria-label='Ja, ich m\u00f6chte den Vereins-Newsletter abonnieren (jederzeit abbestellbar).' aria-invalid='false' aria-required=false> <span>Ja, ich m\u00f6chte den Vereins-Newsletter abonnieren (jederzeit abbestellbar).<\/span><\/label><\/div><\/div><\/div><div class='ff-el-group ff-text-right ff_submit_btn_wrapper'><button type=\"submit\" class=\"ff-btn ff-btn-submit ff-btn-md ff_btn_no_style\"  aria-label=\"Absenden\">Absenden<\/button><\/div><\/fieldset><\/form><div id='fluentform_5_errors' class='ff-errors-in-stack ff_form_instance_5_1 ff-form-loading_errors ff_form_instance_5_1_errors'><\/div><\/div>            <script type=\"text\/javascript\">\n                window.fluent_form_ff_form_instance_5_1 = {\"id\":\"5\",\"ajaxUrl\":\"https:\\\/\\\/www.lu-tennis.de\\\/wp-admin\\\/admin-ajax.php\",\"settings\":{\"layout\":{\"labelPlacement\":\"top\",\"asteriskPlacement\":\"asterisk-right\",\"helpMessagePlacement\":\"with_label\",\"errorMessagePlacement\":\"inline\",\"cssClassName\":\"\"},\"restrictions\":{\"denyEmptySubmission\":{\"enabled\":false}}},\"form_instance\":\"ff_form_instance_5_1\",\"form_id_selector\":\"fluentform_5\",\"rules\":{\"names[first_name]\":{\"required\":{\"value\":true,\"message\":\"Dieses Feld ist erforderlich\",\"global_message\":\"Dieses Feld ist erforderlich\",\"global\":true}},\"names[middle_name]\":{\"required\":{\"value\":false,\"message\":\"Dieses Feld ist erforderlich\",\"global_message\":\"Dieses Feld ist erforderlich\",\"global\":true}},\"names[last_name]\":{\"required\":{\"value\":true,\"message\":\"Dieses Feld ist erforderlich\",\"global_message\":\"Dieses Feld ist erforderlich\",\"global\":true}},\"email\":{\"required\":{\"value\":true,\"message\":\"Dieses Feld ist erforderlich\",\"global_message\":\"Dieses Feld ist erforderlich\",\"global\":true},\"email\":{\"value\":true,\"message\":\"Dieses Feld muss eine g\\u00fcltige E-Mail-Adresse enthalten\",\"global_message\":\"Dieses Feld muss eine g\\u00fcltige E-Mail-Adresse enthalten\",\"global\":true}},\"SEPA_1\":{\"required\":{\"value\":false,\"message\":\"Dieses Feld ist erforderlich\",\"global_message\":\"Dieses Feld ist erforderlich\",\"global\":true}},\"SEPA_4\":{\"required\":{\"value\":false,\"message\":\"Dieses Feld ist erforderlich\",\"global_message\":\"Dieses Feld ist erforderlich\",\"global\":true}},\"input_text_6\":{\"required\":{\"value\":true,\"message\":\"Dieses Feld ist erforderlich\",\"global_message\":\"Dieses Feld ist erforderlich\",\"global\":true}},\"signature_2\":{\"required\":{\"value\":true,\"message\":\"Dieses Feld ist erforderlich\",\"global\":true,\"global_message\":\"Dieses Feld ist erforderlich\"}},\"SEPA_5\":{\"required\":{\"value\":true,\"message\":\"Dieses Feld ist erforderlich\",\"global_message\":\"Dieses Feld ist erforderlich\",\"global\":true}},\"newsletter_optin\":{\"required\":{\"value\":false,\"message\":\"Dieses Feld ist erforderlich\",\"global_message\":\"Dieses Feld ist erforderlich\",\"global\":true}}},\"debounce_time\":300,\"conditionals\":{\"input_text_6\":{\"type\":\"any\",\"status\":true,\"conditions\":[{\"field\":\"SEPA_1\",\"value\":\"Ich bin Mitglied (\\u201eAktive Erstmitgliedschaft\\u201c oder \\u201eJugendliche\\u201c) und m\\u00f6chte die Zusatzoption \\u201eFitnessbereich\\u201c f\\u00fcr 60\\u20ac \\\/ Jahr buchen.\",\"operator\":\"=\"},{\"field\":\"SEPA_4\",\"value\":\"Ich bin Mitglied (sonstige Mitgliedschaften) und m\\u00f6chte die Zusatzoption \\u201eFitnessbereich\\u201c f\\u00fcr 120\\u20ac \\\/ Jahr buchen.\",\"operator\":\"=\"}],\"condition_groups\":[{\"rules\":[{\"field\":\"\",\"value\":\"\",\"operator\":\"\"}],\"title\":\"\",\"isEditingTitle\":false,\"isPreviewOpen\":false,\"isGroupOpen\":true}]},\"signature_2\":{\"type\":\"any\",\"status\":true,\"conditions\":[{\"field\":\"SEPA_4\",\"value\":\"Ich bin Mitglied (sonstige Mitgliedschaften) und m\\u00f6chte die Zusatzoption \\u201eFitnessbereich\\u201c f\\u00fcr 120\\u20ac \\\/ Jahr buchen.\",\"operator\":\"=\"},{\"field\":\"SEPA_1\",\"value\":\"Ich bin Mitglied (\\u201eAktive Erstmitgliedschaft\\u201c oder \\u201eJugendliche\\u201c) und m\\u00f6chte die Zusatzoption \\u201eFitnessbereich\\u201c f\\u00fcr 60\\u20ac \\\/ Jahr buchen.\",\"operator\":\"=\"}],\"condition_groups\":[{\"rules\":[{\"field\":\"\",\"value\":\"\",\"operator\":\"\"}],\"title\":\"\",\"isEditingTitle\":false,\"isPreviewOpen\":false,\"isGroupOpen\":true}]}}};\n                            <\/script>\n            <\/section>\n","protected":false},"excerpt":{"rendered":"<p>Zusatzoption &#8222;Fitnessbereich&#8220; Erg\u00e4nzen Sie Ihre Mitgliedschaft um den Zugang zum Fitnessbereich. Bestehende Mitglieder (Erstmitglied, Zweiter Erwachsener, Jugend) zahlen 60 \u20ac pro Jahr, alle anderen Mitgliedschaften 120 \u20ac pro Jahr. \u00d6ffnungszeiten: Mo\u2013Fr 9:00\u201321:00 Uhr, Sa\u2013So 9:00\u201318:00 Uhr.<\/p>","protected":false},"author":1,"featured_media":0,"parent":94,"menu_order":0,"comment_status":"closed","ping_status":"closed","template":"","meta":{"_seopress_robots_primary_cat":"","_seopress_titles_title":"","_seopress_titles_desc":"","_seopress_robots_index":"","werbesofa_core_post_meta_password_title":"","werbesofa_core_post_meta_password_text":"","footnotes":""},"class_list":["post-100","page","type-page","status-publish","hentry"],"_links":{"self":[{"href":"https:\/\/www.lu-tennis.de\/en\/wp-json\/wp\/v2\/pages\/100","targetHints":{"allow":["GET"]}}],"collection":[{"href":"https:\/\/www.lu-tennis.de\/en\/wp-json\/wp\/v2\/pages"}],"about":[{"href":"https:\/\/www.lu-tennis.de\/en\/wp-json\/wp\/v2\/types\/page"}],"author":[{"embeddable":true,"href":"https:\/\/www.lu-tennis.de\/en\/wp-json\/wp\/v2\/users\/1"}],"replies":[{"embeddable":true,"href":"https:\/\/www.lu-tennis.de\/en\/wp-json\/wp\/v2\/comments?post=100"}],"version-history":[{"count":5,"href":"https:\/\/www.lu-tennis.de\/en\/wp-json\/wp\/v2\/pages\/100\/revisions"}],"predecessor-version":[{"id":972,"href":"https:\/\/www.lu-tennis.de\/en\/wp-json\/wp\/v2\/pages\/100\/revisions\/972"}],"up":[{"embeddable":true,"href":"https:\/\/www.lu-tennis.de\/en\/wp-json\/wp\/v2\/pages\/94"}],"wp:attachment":[{"href":"https:\/\/www.lu-tennis.de\/en\/wp-json\/wp\/v2\/media?parent=100"}],"curies":[{"name":"wp","href":"https:\/\/api.w.org\/{rel}","templated":true}]}}